{"id":1826,"date":"2019-05-08T15:43:53","date_gmt":"2019-05-08T15:43:53","guid":{"rendered":"https:\/\/fullspa.makeitdigital.tk\/?page_id=1826"},"modified":"2026-03-24T19:02:04","modified_gmt":"2026-03-24T19:02:04","slug":"o-espaco","status":"publish","type":"page","link":"https:\/\/fullspa.pt\/en\/o-espaco\/","title":{"rendered":"O Espa\u00e7o"},"content":{"rendered":"<div class=\"wpb-content-wrapper\">[vc_row fullwidth=&#8221;true&#8221;][vc_column][mk_revslider id=&#8221;video_espaco&#8221;][\/vc_column][\/vc_row][vc_row][vc_column][vc_empty_space height=&#8221;20px&#8221;][\/vc_column][\/vc_row][vc_row][vc_column][vc_empty_space height=&#8221;15px&#8221;][vc_column_text css=&#8221;.vc_custom_1558091427980{margin-bottom: 0px !important;}&#8221;]At Full Spa, the entire facilities have been designed to provide a comfortable and relaxed atmosphere. All decoration comes from the island of Bali, a paradise island because our goal is to transport our guest to his own paradise of erotic and sensual luxury.<\/p>\n<p>Lighting, ambient sound, aromatherapy, everything is thought of in the smallest detail, to make our guests feel comfortable and relaxed.<\/p>\n<p>Full Spa is equipped with three massage rooms, where we highlight one with Japanese double tatami especially built for couples\u2019 massages, Balinese pools, for our Nuru and Full Water massages, a tatami room, and a room with a massage table.[\/vc_column_text][vc_empty_space height=&#8221;65px&#8221;][mk_fancy_title color=&#8221;#e0bf65&#8243; size=&#8221;31&#8243; line_height=&#8221;100&#8243; font_weight=&#8221;500&#8243; txt_transform=&#8221;uppercase&#8221; letter_spacing=&#8221;0&#8243; margin_top=&#8221;0&#8243; margin_bottom=&#8221;20&#8243; font_family=&#8221;none&#8221;]\n<h1>Entrance Hall<\/h1>\n[\/mk_fancy_title][vc_separator color=&#8221;custom&#8221; accent_color=&#8221;#e0bf65&#8243;][\/vc_column][\/vc_row][vc_row el_class=&#8221;hide_mobile&#8221;][vc_column width=&#8221;1\/2&#8243; css=&#8221;.vc_custom_1557783504219{background-position: center !important;background-repeat: no-repeat !important;background-size: cover !important;}&#8221; el_class=&#8221;toup&#8221;][vc_single_image image=&#8221;2343&#8243; img_size=&#8221;full&#8221;][\/vc_column][vc_column width=&#8221;1\/2&#8243;][vc_column_text css=&#8221;.vc_custom_1558024080523{margin-bottom: 0px !important;}&#8221;]Here begins your adventure. You will feel &#8220;transported&#8221; to a world of sensuality and erotism which will grow your adrenaline expectations. Let yourself be envolved by sounds, smells and colors of an exotic world that will surprise you.[\/vc_column_text][\/vc_column][\/vc_row][vc_row el_class=&#8221;show_mobile&#8221;][vc_column css=&#8221;.vc_custom_1557422556290{background-position: center !important;background-repeat: no-repeat !important;background-size: cover !important;}&#8221;][vc_single_image image=&#8221;2343&#8243; img_size=&#8221;full&#8221;][vc_column_text css=&#8221;.vc_custom_1558024080523{margin-bottom: 0px !important;}&#8221;]Here begins your adventure. You will feel &#8220;transported&#8221; to a world of sensuality and erotism which will grow your adrenaline expectations. Let yourself be envolved by sounds, smells and colors of an exotic world that will surprise you.[\/vc_column_text][\/vc_column][\/vc_row][vc_row][vc_column][vc_empty_space height=&#8221;70px&#8221;][mk_fancy_title color=&#8221;#e0bf65&#8243; size=&#8221;31&#8243; font_weight=&#8221;500&#8243; txt_transform=&#8221;uppercase&#8221; font_family=&#8221;none&#8221;]Reception Room[\/mk_fancy_title][vc_separator color=&#8221;custom&#8221; accent_color=&#8221;#e0bf65&#8243;][\/vc_column][\/vc_row][vc_row el_class=&#8221;hide_mobile&#8221;][vc_column width=&#8221;1\/2&#8243;][vc_column_text css=&#8221;.vc_custom_1558092375138{margin-bottom: 0px !important;}&#8221;]At Full Spa you are greeted with an aphrodisiac tea and chocolates.<\/p>\n<p>Note the unique decoration of this room, the details of the paintings, the typical Balinese lamps, and the phrase written on our board. Let yourself be wrapped up by unique sensations of pleasure that are worth living.<\/p>\n<p>In this room, you will be able to choose your massage and your\u00a0therapist. You will be advised by your hostess on the most suitable massage for you. Tell us your wishes and desires and we will do everything possible to meet your expectations.[\/vc_column_text][\/vc_column][vc_column width=&#8221;1\/2&#8243;][vc_single_image image=&#8221;2344&#8243; img_size=&#8221;full&#8221;][\/vc_column][\/vc_row][vc_row el_class=&#8221;show_mobile&#8221;][vc_column][vc_single_image image=&#8221;2344&#8243; img_size=&#8221;full&#8221;][vc_column_text css=&#8221;.vc_custom_1558092413102{margin-bottom: 0px !important;}&#8221;]At Full Spa you are greeted with an aphrodisiac tea and chocolates.<\/p>\n<p>Note the unique decoration of this room, the details of the paintings, the typical Balinese lamps, and the phrase written on our board. Let yourself be wrapped up by unique sensations of pleasure that are worth living.<\/p>\n<p>In this room, you will be able to choose your massage and your\u00a0therapist. You will be advised by your hostess on the most suitable massage for you. Tell us your wishes and desires and we will do everything possible to meet your expectations.[\/vc_column_text][\/vc_column][\/vc_row][vc_row][vc_column][vc_empty_space height=&#8221;70px&#8221;][mk_fancy_title color=&#8221;#e0bf65&#8243; size=&#8221;31&#8243; font_weight=&#8221;500&#8243; txt_transform=&#8221;uppercase&#8221; font_family=&#8221;none&#8221;]Room Access Corridor[\/mk_fancy_title][vc_separator color=&#8221;custom&#8221; accent_color=&#8221;#e0bf65&#8243;][\/vc_column][\/vc_row][vc_row el_class=&#8221;hide_mobile&#8221;][vc_column width=&#8221;1\/2&#8243; el_class=&#8221;toup&#8221;][vc_single_image image=&#8221;2345&#8243; img_size=&#8221;full&#8221;][\/vc_column][vc_column width=&#8221;1\/2&#8243;][vc_column_text css=&#8221;.vc_custom_1558092447698{margin-bottom: 0px !important;}&#8221;]Feel your anxiety and desire to grow in a healthy way as you go through our hallway to access our massage rooms. Note the unique decor pieces and the unique ambiance provided by this space.[\/vc_column_text][\/vc_column][\/vc_row][vc_row el_class=&#8221;show_mobile&#8221;][vc_column el_class=&#8221;portrait_images_div&#8221;][vc_single_image image=&#8221;2345&#8243; img_size=&#8221;full&#8221;][vc_column_text css=&#8221;.vc_custom_1558092478771{margin-bottom: 0px !important;}&#8221;]Feel your anxiety and desire to grow in a healthy way as you go through our hallway to access our massage rooms. Note the unique decor pieces and the unique ambiance provided by this space.[\/vc_column_text][\/vc_column][\/vc_row][vc_row][vc_column][vc_empty_space height=&#8221;70px&#8221;][mk_fancy_title color=&#8221;#e0bf65&#8243; size=&#8221;31&#8243; font_weight=&#8221;500&#8243; txt_transform=&#8221;uppercase&#8221; font_family=&#8221;none&#8221;]Bagoas Room[\/mk_fancy_title][vc_separator color=&#8221;custom&#8221; accent_color=&#8221;#e0bf65&#8243;][\/vc_column][\/vc_row][vc_row el_class=&#8221;carrousel_div hide_mobile&#8221;][vc_column width=&#8221;1\/2&#8243;][vc_column_text css=&#8221;.vc_custom_1558092522934{margin-bottom: 0px !important;}&#8221;]A room, surrounded by mirrors, with Japanese tatami and Balinese pool. Let yourself be wrapped up by the faint light, and reflections on mirrors to receive the best sensual massage ever.<\/p>\n<ul>\n<li>Japanese Tatami<\/li>\n<li>Balinese pool<\/li>\n<li>Chromotherapy shower<\/li>\n<li>Living \/ Dressing area<\/li>\n<li>Towels<\/li>\n<li>Heating<\/li>\n<li>Towels<\/li>\n<li>Slippers<\/li>\n<li>Sharon<\/li>\n<li>Aromatherapy<\/li>\n<li>Candles<\/li>\n<li>Soft light<\/li>\n<li>Ambient sound<\/li>\n<\/ul>\n[\/vc_column_text][\/vc_column][vc_column width=&#8221;1\/2&#8243;][vc_single_image image=&#8221;2349&#8243; img_size=&#8221;full&#8221;][\/vc_column][\/vc_row][vc_row el_class=&#8221;carrousel_div show_mobile&#8221;][vc_column][vc_single_image image=&#8221;2349&#8243; img_size=&#8221;full&#8221;][vc_column_text css=&#8221;.vc_custom_1558092533907{margin-bottom: 0px !important;}&#8221;]A room, surrounded by mirrors, with Japanese tatami and Balinese pool. Let yourself be wrapped up by the faint light, and reflections on mirrors to receive the best sensual massage ever.<\/p>\n<ul>\n<li>Japanese Tatami<\/li>\n<li>Balinese pool<\/li>\n<li>Chromotherapy shower<\/li>\n<li>Living \/ Dressing area<\/li>\n<li>Towels<\/li>\n<li>Heating<\/li>\n<li>Towels<\/li>\n<li>Slippers<\/li>\n<li>Sharon<\/li>\n<li>Aromatherapy<\/li>\n<li>Candles<\/li>\n<li>Soft light<\/li>\n<li>Ambient sound<\/li>\n<\/ul>\n[\/vc_column_text][\/vc_column][\/vc_row][vc_row][vc_column][vc_empty_space height=&#8221;70px&#8221;][mk_fancy_title color=&#8221;#e0bf65&#8243; size=&#8221;31&#8243; font_weight=&#8221;500&#8243; txt_transform=&#8221;uppercase&#8221; font_family=&#8221;none&#8221;]Umalas Room[\/mk_fancy_title][vc_separator color=&#8221;custom&#8221; accent_color=&#8221;#e0bf65&#8243;][\/vc_column][\/vc_row][vc_row el_class=&#8221;carrousel_div hide_mobile&#8221;][vc_column width=&#8221;1\/2&#8243;][vc_single_image image=&#8221;2347&#8243; img_size=&#8221;full&#8221;][\/vc_column][vc_column width=&#8221;1\/2&#8243;][vc_column_text css=&#8221;.vc_custom_1558092646702{margin-bottom: 0px !important;}&#8221;]Room equipped with a massage table and Balinese pool.\u00a0When passing the wooden door of this room, forget the problems of the day to day and enter the world of erotism and seduction. Simply worry about enjoying a unique massage experience.<\/p>\n<ul>\n<li>Massage Table<\/li>\n<li>Balinese pool<\/li>\n<li>Chromotherapy shower<\/li>\n<li>Living \/ dressing area<\/li>\n<li>Towels<\/li>\n<li>Heating<\/li>\n<li>Slippers<\/li>\n<li>Sharon<\/li>\n<li>Aromatherapy<\/li>\n<li>Candles<\/li>\n<li>Soft light<\/li>\n<li>Ambient sound<\/li>\n<\/ul>\n[\/vc_column_text][\/vc_column][\/vc_row][vc_row el_class=&#8221;carrousel_div show_mobile portrait_images_div&#8221;][vc_column][vc_single_image image=&#8221;2347&#8243; img_size=&#8221;full&#8221;][vc_column_text css=&#8221;.vc_custom_1558092630812{margin-bottom: 0px !important;}&#8221;]Room equipped with a massage table and Balinese pool.\u00a0When passing the wooden door of this room, forget the problems of the day to day and enter the world of erotism and seduction. Simply worry about enjoying a unique massage experience.<\/p>\n<ul>\n<li>Massage Table<\/li>\n<li>Balinese pool<\/li>\n<li>Chromotherapy shower<\/li>\n<li>Living\/dressing area<\/li>\n<li>Towels<\/li>\n<li>Heating<\/li>\n<li>Slippers<\/li>\n<li>Sharon<\/li>\n<li>Aromatherapy<\/li>\n<li>Candles<\/li>\n<li>Soft light<\/li>\n<li>Ambient sound<\/li>\n<\/ul>\n[\/vc_column_text][\/vc_column][\/vc_row][vc_row][vc_column][vc_empty_space height=&#8221;70px&#8221;][mk_fancy_title color=&#8221;#e0bf65&#8243; size=&#8221;31&#8243; font_weight=&#8221;500&#8243; txt_transform=&#8221;uppercase&#8221; font_family=&#8221;none&#8221;]Djamoe Room[\/mk_fancy_title][vc_separator color=&#8221;custom&#8221; accent_color=&#8221;#e0bf65&#8243;][\/vc_column][\/vc_row][vc_row el_class=&#8221;hide_mobile&#8221;][vc_column width=&#8221;1\/2&#8243;][vc_column_text css=&#8221;.vc_custom_1558092719909{margin-bottom: 0px !important;}&#8221;]Specially decorated room to receive couples, equipped with mirrors until\u00a0top of the room, so nothing escapes you and a double Japanese tatami, so you can comfortably enjoy a massage with your partner.<\/p>\n<ul>\n<li>Double Japanese Tatami<\/li>\n<li>Living \/ dressing area<\/li>\n<li>Full Mirror Wall<\/li>\n<li>Heating<\/li>\n<li>Towels<\/li>\n<li>Slippers<\/li>\n<li>Sharon<\/li>\n<li>Aromatherapy<\/li>\n<li>Candles<\/li>\n<li>Soft light<\/li>\n<li>Ambient sound<\/li>\n<\/ul>\n[\/vc_column_text][\/vc_column][vc_column width=&#8221;1\/2&#8243;][vc_single_image image=&#8221;2346&#8243; img_size=&#8221;full&#8221;][\/vc_column][\/vc_row][vc_row el_class=&#8221;show_mobile&#8221;][vc_column][vc_single_image image=&#8221;2346&#8243; img_size=&#8221;full&#8221;][vc_column_text css=&#8221;.vc_custom_1558092773752{margin-bottom: 0px !important;}&#8221;]Specially decorated room to receive couples, equipped with mirrors until\u00a0top of the room, so nothing escapes you and a double Japanese tatami, so you can comfortably enjoy a massage with your partner.<\/p>\n<ul>\n<li>Double Japanese Tatami<\/li>\n<li>Living \/ dressing area<\/li>\n<li>Full Mirror Wall<\/li>\n<li>Heating<\/li>\n<li>Towels<\/li>\n<li>Slippers<\/li>\n<li>Sharon<\/li>\n<li>Aromatherapy<\/li>\n<li>Candles<\/li>\n<li>Soft light<\/li>\n<li>Ambient sound<\/li>\n<\/ul>\n[\/vc_column_text][\/vc_column][\/vc_row][vc_row][vc_column][vc_empty_space height=&#8221;70px&#8221;][mk_fancy_title color=&#8221;#e0bf65&#8243; size=&#8221;31&#8243; font_weight=&#8221;500&#8243; txt_transform=&#8221;uppercase&#8221; font_family=&#8221;none&#8221;]Bathroom and Toilets[\/mk_fancy_title][vc_separator color=&#8221;custom&#8221; accent_color=&#8221;#e0bf65&#8243;][\/vc_column][\/vc_row][vc_row el_class=&#8221;hide_mobile&#8221;][vc_column width=&#8221;1\/2&#8243; el_class=&#8221;toup&#8221;][vc_single_image image=&#8221;2350&#8243; img_size=&#8221;full&#8221;][\/vc_column][vc_column width=&#8221;1\/2&#8243;][vc_column_text css=&#8221;.vc_custom_1558092885969{margin-bottom: 0px !important;}&#8221;]At Full Spa we are very concerned about hygiene and the products we use.<br \/>\nAll products used in the SPA are high-quality products. We perform massages with heated mineral oils or gel and foams of recognized brands.<\/p>\n<p>All facilities are properly cleaned and disinfected regularly. Bathrooms and shower cabins are cleaned after each use and the towels are changed for every guest.[\/vc_column_text][\/vc_column][\/vc_row][vc_row el_class=&#8221;show_mobile&#8221;][vc_column][vc_single_image image=&#8221;2350&#8243; img_size=&#8221;full&#8221;][vc_column_text css=&#8221;.vc_custom_1558092899561{margin-bottom: 0px !important;}&#8221;]At Full Spa we are very concerned about hygiene and the products we use.<br \/>\nAll products used in the SPA are high-quality products. We perform massages with heated mineral oils or gel and foams of recognized brands.<\/p>\n<p>All facilities are properly cleaned and disinfected regularly. Bathrooms and shower cabins are cleaned after each use and the towels are changed for every guest.[\/vc_column_text][\/vc_column][\/vc_row][vc_row][vc_column][vc_column_text][\/vc_column_text][\/vc_column][\/vc_row][vc_row fullwidth=&#8221;true&#8221; fullwidth_content=&#8221;false&#8221;][vc_column][vc_column_text css=&#8221;.vc_custom_1558092169458{margin-bottom: 0px !important;}&#8221;]You do not have to bring anything, as we are equipped with hairdryer, hygiene kit for both men and women, where you can find: shower gel, shampoo, conditioner, comb, hair dye, hair gel, and deodorant.[\/vc_column_text][vc_empty_space height=&#8221;70px&#8221;][mk_button dimension=&#8221;outline&#8221; corner_style=&#8221;full_rounded&#8221; size=&#8221;large&#8221; letter_spacing=&#8221;4&#8243; icon=&#8221;mk-icon-angle-right&#8221; url=&#8221;\/massagens\/&#8221; align=&#8221;center&#8221; button_custom_width=&#8221;553&#8243; margin_bottom=&#8221;0&#8243; margin_right=&#8221;0&#8243; outline_skin=&#8221;custom&#8221; outline_active_color=&#8221;#ffffff&#8221; outline_active_text_color=&#8221;#ffffff&#8221; outline_hover_bg_color=&#8221;#ffffff&#8221; outline_hover_color=&#8221;#000000&#8243;]SEE OUR MASSAGES[\/mk_button][vc_empty_space height=&#8221;70px&#8221;][mk_fancy_title color=&#8221;#ffffff&#8221; size=&#8221;26&#8243; font_weight=&#8221;300&#8243; letter_spacing=&#8221;3&#8243; font_family=&#8221;none&#8221; align=&#8221;center&#8221;]\n<p style=\"text-align: center; color: #fff;\">\u00a0Reservations and Information:<\/p>\n<p style=\"text-align: center;\"><strong><a href=\"tel:+351214100763\">(+351) 214 100 763*<\/a><\/strong><a href=\"tel:+351214100763\"> <img decoding=\"async\" class=\"wp-image-2979 alignnone size-medium\" src=\"https:\/\/fullspa.pt\/wp-content\/uploads\/2023\/01\/whatsapp_logo_png.png\" alt=\"\" width=\"22\" height=\"22\" \/><\/a><\/p>\n[\/mk_fancy_title][vc_empty_space height=&#8221;45px&#8221;][vc_column_text css=&#8221;.vc_custom_1673453694401{margin-bottom: 0px !important;}&#8221;]\n<p style=\"text-align: center; color: #fff;\">*(Call to nacional fixed network)<\/p>\n[\/vc_column_text][\/vc_column][\/vc_row][vc_row][vc_column][vc_column_text]\n[\/vc_column_text][\/vc_column][\/vc_row]\n<\/div>","protected":false},"excerpt":{"rendered":"<p>[vc_row fullwidth=&#8221;true&#8221;][vc_column][mk_revslider id=&#8221;video_espaco&#8221;][\/vc_column][\/vc_row][vc_row][vc_column][vc_empty_space height=&#8221;20px&#8221;][\/vc_column][\/vc_row][vc_row][vc_column][vc_empty_space height=&#8221;15px&#8221;][vc_column_text css=&#8221;.vc_custom_1558091427980{margin-bottom: 0px !important;}&#8221;]At Full Spa, the entire facilities have been designed to provide a comfortable and relaxed atmosphere. All decoration comes from the island of Bali, a paradise island because our goal is to transport our guest to his own paradise of erotic and sensual luxury. Lighting, ambient sound, aromatherapy, [&hellip;]<\/p>\n","protected":false},"author":2,"featured_media":0,"parent":0,"menu_order":0,"comment_status":"closed","ping_status":"closed","template":"","meta":{"_acf_changed":false,"rs_blank_template":"","rs_page_bg_color":"","slide_template_v7":"","inline_featured_image":false,"iawp_total_views":2457,"footnotes":""},"class_list":["post-1826","page","type-page","status-publish","hentry"],"acf":[],"yoast_head":"<!-- This site is optimized with the Yoast SEO plugin v27.4 - https:\/\/yoast.com\/product\/yoast-seo-wordpress\/ -->\n<title>Instala\u00e7\u00f5es | Full spa - Massagem Sensual Erotica e T\u00e2ntrica<\/title>\n<meta name=\"description\" content=\"Descubra as fant\u00e1sticas instala\u00e7\u00f5es do Full Spa em Alges-Miraflores. SPA e Centro de Massagens Eroticas, Sensuais e T\u00e2ntricas em Lisboa\" \/>\n<meta name=\"robots\" content=\"index, follow, max-snippet:-1, max-image-preview:large, max-video-preview:-1\" \/>\n<link rel=\"canonical\" href=\"https:\/\/fullspa.pt\/o-espaco\/\" \/>\n<meta property=\"og:locale\" content=\"en_US\" \/>\n<meta property=\"og:type\" content=\"article\" \/>\n<meta property=\"og:title\" content=\"Instala\u00e7\u00f5es | Full spa - Massagem Sensual Erotica e T\u00e2ntrica\" \/>\n<meta property=\"og:description\" content=\"Descubra as fant\u00e1sticas instala\u00e7\u00f5es do Full Spa em Alges-Miraflores. SPA e Centro de Massagens Eroticas, Sensuais e T\u00e2ntricas em Lisboa\" \/>\n<meta property=\"og:url\" content=\"https:\/\/fullspa.pt\/o-espaco\/\" \/>\n<meta property=\"og:site_name\" content=\"Full Spa - Massage Center\" \/>\n<meta property=\"article:modified_time\" content=\"2026-03-24T19:02:04+00:00\" \/>\n<meta property=\"og:image\" content=\"https:\/\/fullspa.pt\/wp-content\/uploads\/2023\/01\/whatsapp_logo_png.png\" \/>\n<meta name=\"twitter:card\" content=\"summary_large_image\" \/>\n<meta name=\"twitter:label1\" content=\"Est. reading time\" \/>\n\t<meta name=\"twitter:data1\" content=\"6 minutes\" \/>\n<script type=\"application\/ld+json\" class=\"yoast-schema-graph\">{\"@context\":\"https:\\\/\\\/schema.org\",\"@graph\":[{\"@type\":\"WebPage\",\"@id\":\"https:\\\/\\\/fullspa.pt\\\/o-espaco\\\/\",\"url\":\"https:\\\/\\\/fullspa.pt\\\/o-espaco\\\/\",\"name\":\"Instala\u00e7\u00f5es | Full spa - Massagem Sensual Erotica e T\u00e2ntrica\",\"isPartOf\":{\"@id\":\"https:\\\/\\\/fullspa.pt\\\/#website\"},\"primaryImageOfPage\":{\"@id\":\"https:\\\/\\\/fullspa.pt\\\/o-espaco\\\/#primaryimage\"},\"image\":{\"@id\":\"https:\\\/\\\/fullspa.pt\\\/o-espaco\\\/#primaryimage\"},\"thumbnailUrl\":\"https:\\\/\\\/fullspa.pt\\\/wp-content\\\/uploads\\\/2023\\\/01\\\/whatsapp_logo_png.png\",\"datePublished\":\"2019-05-08T15:43:53+00:00\",\"dateModified\":\"2026-03-24T19:02:04+00:00\",\"description\":\"Descubra as fant\u00e1sticas instala\u00e7\u00f5es do Full Spa em Alges-Miraflores. SPA e Centro de Massagens Eroticas, Sensuais e T\u00e2ntricas em Lisboa\",\"breadcrumb\":{\"@id\":\"https:\\\/\\\/fullspa.pt\\\/o-espaco\\\/#breadcrumb\"},\"inLanguage\":\"en-US\",\"potentialAction\":[{\"@type\":\"ReadAction\",\"target\":[\"https:\\\/\\\/fullspa.pt\\\/o-espaco\\\/\"]}]},{\"@type\":\"ImageObject\",\"inLanguage\":\"en-US\",\"@id\":\"https:\\\/\\\/fullspa.pt\\\/o-espaco\\\/#primaryimage\",\"url\":\"https:\\\/\\\/fullspa.pt\\\/wp-content\\\/uploads\\\/2023\\\/01\\\/whatsapp_logo_png.png\",\"contentUrl\":\"https:\\\/\\\/fullspa.pt\\\/wp-content\\\/uploads\\\/2023\\\/01\\\/whatsapp_logo_png.png\"},{\"@type\":\"BreadcrumbList\",\"@id\":\"https:\\\/\\\/fullspa.pt\\\/o-espaco\\\/#breadcrumb\",\"itemListElement\":[{\"@type\":\"ListItem\",\"position\":1,\"name\":\"Home\",\"item\":\"https:\\\/\\\/fullspa.pt\\\/\"},{\"@type\":\"ListItem\",\"position\":2,\"name\":\"O Espa\u00e7o\"}]},{\"@type\":\"WebSite\",\"@id\":\"https:\\\/\\\/fullspa.pt\\\/#website\",\"url\":\"https:\\\/\\\/fullspa.pt\\\/\",\"name\":\"Full Spa - Massage Center\",\"description\":\"Massage Center for Men, Women and Couples\",\"potentialAction\":[{\"@type\":\"SearchAction\",\"target\":{\"@type\":\"EntryPoint\",\"urlTemplate\":\"https:\\\/\\\/fullspa.pt\\\/?s={search_term_string}\"},\"query-input\":{\"@type\":\"PropertyValueSpecification\",\"valueRequired\":true,\"valueName\":\"search_term_string\"}}],\"inLanguage\":\"en-US\"}]}<\/script>\n<!-- \/ Yoast SEO plugin. -->","yoast_head_json":{"title":"Instala\u00e7\u00f5es | Full spa - Massagem Sensual Erotica e T\u00e2ntrica","description":"Descubra as fant\u00e1sticas instala\u00e7\u00f5es do Full Spa em Alges-Miraflores. SPA e Centro de Massagens Eroticas, Sensuais e T\u00e2ntricas em Lisboa","robots":{"index":"index","follow":"follow","max-snippet":"max-snippet:-1","max-image-preview":"max-image-preview:large","max-video-preview":"max-video-preview:-1"},"canonical":"https:\/\/fullspa.pt\/o-espaco\/","og_locale":"en_US","og_type":"article","og_title":"Instala\u00e7\u00f5es | Full spa - Massagem Sensual Erotica e T\u00e2ntrica","og_description":"Descubra as fant\u00e1sticas instala\u00e7\u00f5es do Full Spa em Alges-Miraflores. SPA e Centro de Massagens Eroticas, Sensuais e T\u00e2ntricas em Lisboa","og_url":"https:\/\/fullspa.pt\/o-espaco\/","og_site_name":"Full Spa - Massage Center","article_modified_time":"2026-03-24T19:02:04+00:00","og_image":[{"url":"https:\/\/fullspa.pt\/wp-content\/uploads\/2023\/01\/whatsapp_logo_png.png","type":"","width":"","height":""}],"twitter_card":"summary_large_image","twitter_misc":{"Est. reading time":"6 minutes"},"schema":{"@context":"https:\/\/schema.org","@graph":[{"@type":"WebPage","@id":"https:\/\/fullspa.pt\/o-espaco\/","url":"https:\/\/fullspa.pt\/o-espaco\/","name":"Instala\u00e7\u00f5es | Full spa - Massagem Sensual Erotica e T\u00e2ntrica","isPartOf":{"@id":"https:\/\/fullspa.pt\/#website"},"primaryImageOfPage":{"@id":"https:\/\/fullspa.pt\/o-espaco\/#primaryimage"},"image":{"@id":"https:\/\/fullspa.pt\/o-espaco\/#primaryimage"},"thumbnailUrl":"https:\/\/fullspa.pt\/wp-content\/uploads\/2023\/01\/whatsapp_logo_png.png","datePublished":"2019-05-08T15:43:53+00:00","dateModified":"2026-03-24T19:02:04+00:00","description":"Descubra as fant\u00e1sticas instala\u00e7\u00f5es do Full Spa em Alges-Miraflores. SPA e Centro de Massagens Eroticas, Sensuais e T\u00e2ntricas em Lisboa","breadcrumb":{"@id":"https:\/\/fullspa.pt\/o-espaco\/#breadcrumb"},"inLanguage":"en-US","potentialAction":[{"@type":"ReadAction","target":["https:\/\/fullspa.pt\/o-espaco\/"]}]},{"@type":"ImageObject","inLanguage":"en-US","@id":"https:\/\/fullspa.pt\/o-espaco\/#primaryimage","url":"https:\/\/fullspa.pt\/wp-content\/uploads\/2023\/01\/whatsapp_logo_png.png","contentUrl":"https:\/\/fullspa.pt\/wp-content\/uploads\/2023\/01\/whatsapp_logo_png.png"},{"@type":"BreadcrumbList","@id":"https:\/\/fullspa.pt\/o-espaco\/#breadcrumb","itemListElement":[{"@type":"ListItem","position":1,"name":"Home","item":"https:\/\/fullspa.pt\/"},{"@type":"ListItem","position":2,"name":"O Espa\u00e7o"}]},{"@type":"WebSite","@id":"https:\/\/fullspa.pt\/#website","url":"https:\/\/fullspa.pt\/","name":"Full Spa - Massage Center","description":"Massage Center for Men, Women and Couples","potentialAction":[{"@type":"SearchAction","target":{"@type":"EntryPoint","urlTemplate":"https:\/\/fullspa.pt\/?s={search_term_string}"},"query-input":{"@type":"PropertyValueSpecification","valueRequired":true,"valueName":"search_term_string"}}],"inLanguage":"en-US"}]}},"_links":{"self":[{"href":"https:\/\/fullspa.pt\/en\/wp-json\/wp\/v2\/pages\/1826","targetHints":{"allow":["GET"]}}],"collection":[{"href":"https:\/\/fullspa.pt\/en\/wp-json\/wp\/v2\/pages"}],"about":[{"href":"https:\/\/fullspa.pt\/en\/wp-json\/wp\/v2\/types\/page"}],"author":[{"embeddable":true,"href":"https:\/\/fullspa.pt\/en\/wp-json\/wp\/v2\/users\/2"}],"replies":[{"embeddable":true,"href":"https:\/\/fullspa.pt\/en\/wp-json\/wp\/v2\/comments?post=1826"}],"version-history":[{"count":5,"href":"https:\/\/fullspa.pt\/en\/wp-json\/wp\/v2\/pages\/1826\/revisions"}],"predecessor-version":[{"id":6126,"href":"https:\/\/fullspa.pt\/en\/wp-json\/wp\/v2\/pages\/1826\/revisions\/6126"}],"wp:attachment":[{"href":"https:\/\/fullspa.pt\/en\/wp-json\/wp\/v2\/media?parent=1826"}],"curies":[{"name":"wp","href":"https:\/\/api.w.org\/{rel}","templated":true}]}}