{"id":277,"date":"2018-12-24T01:07:22","date_gmt":"2018-12-24T01:07:22","guid":{"rendered":"http:\/\/wayangcenter.makeitdigital.pt\/?page_id=277"},"modified":"2026-03-24T19:13:40","modified_gmt":"2026-03-24T19:13:40","slug":"codigo-de-conduta-do-cliente","status":"publish","type":"page","link":"https:\/\/fullspa.pt\/en\/codigo-de-conduta-do-cliente\/","title":{"rendered":"Guest&#8217;s Code of Conduct"},"content":{"rendered":"<div class=\"wpb-content-wrapper\">[vc_section][vc_row fullwidth=&#8221;true&#8221; css=&#8221;.vc_custom_1557782754155{background-image: url(https:\/\/fullspa.makeitdigital.tk\/wp-content\/uploads\/2019\/05\/cdigo_de_conduta.png?id=2111) !important;background-position: center !important;background-repeat: no-repeat !important;background-size: cover !important;}&#8221; id=&#8221;upper_title&#8221;][vc_column][vc_row_inner visibility=&#8221;hidden-sm&#8221; css=&#8221;.vc_custom_1557424414732{padding-right: 10% !important;padding-left: 10% !important;}&#8221;][vc_column_inner][vc_empty_space height=&#8221;100px&#8221;][\/vc_column_inner][\/vc_row_inner][vc_row_inner visibility=&#8221;hidden-sm&#8221; css=&#8221;.vc_custom_1557424414732{padding-right: 10% !important;padding-left: 10% !important;}&#8221;][vc_column_inner width=&#8221;1\/6&#8243;][\/vc_column_inner][vc_column_inner el_class=&#8221;box_black&#8221; width=&#8221;2\/3&#8243; css=&#8221;.vc_custom_1548202779489{background-color: rgba(0,0,0,0.57) !important;*background-color: rgb(0,0,0) !important;}&#8221;][mk_fancy_title color=&#8221;#e0bf65&#8243; size=&#8221;40&#8243; line_height=&#8221;100&#8243; font_weight=&#8221;300&#8243; txt_transform=&#8221;uppercase&#8221; letter_spacing=&#8221;0&#8243; margin_top=&#8221;0&#8243; margin_bottom=&#8221;0&#8243; font_family=&#8221;none&#8221; align=&#8221;center&#8221; animation=&#8221;fade-in&#8221;]\n<h1 style=\"text-align: center; color: #ffffff;\">Guest&#8217;s Code of Conduct<\/h1>\n[\/mk_fancy_title][vc_empty_space height=&#8221;30px&#8221;][\/vc_column_inner][vc_column_inner width=&#8221;1\/6&#8243;][\/vc_column_inner][\/vc_row_inner][vc_row_inner visibility=&#8221;hidden-sm&#8221; css=&#8221;.vc_custom_1557424414732{padding-right: 10% !important;padding-left: 10% !important;}&#8221;][vc_column_inner][vc_empty_space height=&#8221;150px&#8221;][\/vc_column_inner][\/vc_row_inner][vc_row_inner visibility=&#8221;visible-sm&#8221; css=&#8221;.vc_custom_1557424421091{padding-right: 10% !important;padding-left: 10% !important;}&#8221;][vc_column_inner][vc_empty_space height=&#8221;100px&#8221;][\/vc_column_inner][\/vc_row_inner][vc_row_inner visibility=&#8221;visible-sm&#8221; css=&#8221;.vc_custom_1557424421091{padding-right: 10% !important;padding-left: 10% !important;}&#8221;][vc_column_inner el_class=&#8221;box_black&#8221; css=&#8221;.vc_custom_1548202779489{background-color: rgba(0,0,0,0.57) !important;*background-color: rgb(0,0,0) !important;}&#8221;][mk_fancy_title color=&#8221;#e0bf65&#8243; size=&#8221;40&#8243; font_weight=&#8221;300&#8243; txt_transform=&#8221;uppercase&#8221; margin_bottom=&#8221;0&#8243; font_family=&#8221;none&#8221; align=&#8221;center&#8221; animation=&#8221;fade-in&#8221;]\n<h1 style=\"text-align: center;\">Guest&#8217;s Code of Conduct<\/h1>\n[\/mk_fancy_title][vc_empty_space height=&#8221;30px&#8221;][\/vc_column_inner][\/vc_row_inner][vc_row_inner visibility=&#8221;visible-sm&#8221; css=&#8221;.vc_custom_1557424421091{padding-right: 10% !important;padding-left: 10% !important;}&#8221;][vc_column_inner][vc_empty_space height=&#8221;150px&#8221;][\/vc_column_inner][\/vc_row_inner][\/vc_column][\/vc_row][\/vc_section][vc_row][vc_column][vc_empty_space height=&#8221;65px&#8221;][vc_column_text css=&#8221;.vc_custom_1558339182971{margin-bottom: 0px !important;}&#8221;]Full SPA is proud to provide our guests with a unique service in our amazing facilities.<\/p>\n<p>For your own benefit, we request that this code of conduct be duly observed and respected:<\/p>\n<ol>\n<li>Each of our massages is unique, and this formidable sensual experience is designed to be very well received and appreciated by our guests. Let the therapists do their job at ease and simply enjoy the best massage in the world!<\/li>\n<li>Respect always the personal will of each professional and her instructions, do not exceed the boundaries defined by each therapist.<\/li>\n<li>Our therapists are dedicated and trained professionals. They are not escorts, nor do they provide any kind of social or sexual services. We advise guests to respect the professional pride of our massage therapists and please restrict yourself from requesting sexual services.<\/li>\n<li>Each one of our massages is designed to build a unique intimate experience. Full SPA provides cleaning of its facilities with its own disinfectants. The therapist will maintain perfect sanitation and take a shower before and after each massage. We also ask to the guest to take into account the need to maintain perfect personal hygiene and respect the obligation to take a shower before the massage. The better the hygiene, the better the therapist\u2019s involvement and her willingness to provide an extraordinary experience to our guests.<\/li>\n<li>Full SPA operates under a strict policy regarding non-compliance with this code of conduct. We respectfully ask guests to be aware of the importance of maintaining a perfect record of hygiene and behavior in order to benefit from access to our services.<\/li>\n<\/ol>\n[\/vc_column_text][\/vc_column][\/vc_row][vc_row fullwidth=&#8221;true&#8221; fullwidth_content=&#8221;false&#8221;][vc_column][vc_empty_space height=&#8221;70px&#8221;][mk_button dimension=&#8221;outline&#8221; corner_style=&#8221;full_rounded&#8221; size=&#8221;large&#8221; letter_spacing=&#8221;4&#8243; icon=&#8221;mk-icon-angle-right&#8221; url=&#8221;\/massagens\/&#8221; align=&#8221;center&#8221; button_custom_width=&#8221;553&#8243; margin_bottom=&#8221;0&#8243; margin_right=&#8221;0&#8243; outline_skin=&#8221;custom&#8221; outline_active_color=&#8221;#ffffff&#8221; outline_active_text_color=&#8221;#ffffff&#8221; outline_hover_bg_color=&#8221;#ffffff&#8221; outline_hover_color=&#8221;#000000&#8243;]SEE OUR MASSAGES[\/mk_button][vc_empty_space height=&#8221;70px&#8221;][mk_fancy_title color=&#8221;#ffffff&#8221; size=&#8221;26&#8243; font_weight=&#8221;300&#8243; letter_spacing=&#8221;3&#8243; margin_bottom=&#8221;0&#8243; font_family=&#8221;none&#8221; align=&#8221;center&#8221; animation=&#8221;fade-in&#8221;]\n<p style=\"text-align: center; color: #fff;\">\u00a0Reservations and Information:<\/p>\n<p style=\"text-align: center;\"><strong><a href=\"tel:+351214100763\">(+351) 214 100 763*<\/a><\/strong><a href=\"tel:+351214100763\"> <img decoding=\"async\" class=\"wp-image-2979 alignnone size-medium\" src=\"https:\/\/fullspa.pt\/wp-content\/uploads\/2023\/01\/whatsapp_logo_png.png\" alt=\"\" width=\"22\" height=\"22\" \/><\/a><\/p>\n[\/mk_fancy_title][vc_empty_space height=&#8221;45px&#8221;][vc_column_text css=&#8221;.vc_custom_1673450589496{margin-bottom: 0px !important;}&#8221;]\n<p style=\"text-align: center; color: #fff;\">*(Call to nacional fixed network)<\/p>\n[\/vc_column_text][\/vc_column][\/vc_row][vc_row][vc_column][vc_column_text]\n[\/vc_column_text][\/vc_column][\/vc_row]\n<\/div>","protected":false},"excerpt":{"rendered":"<p>[vc_section][vc_row fullwidth=&#8221;true&#8221; css=&#8221;.vc_custom_1557782754155{background-image: url(https:\/\/fullspa.makeitdigital.tk\/wp-content\/uploads\/2019\/05\/cdigo_de_conduta.png?id=2111) !important;background-position: center !important;background-repeat: no-repeat !important;background-size: cover !important;}&#8221; id=&#8221;upper_title&#8221;][vc_column][vc_row_inner visibility=&#8221;hidden-sm&#8221; css=&#8221;.vc_custom_1557424414732{padding-right: 10% !important;padding-left: 10% !important;}&#8221;][vc_column_inner][vc_empty_space height=&#8221;100px&#8221;][\/vc_column_inner][\/vc_row_inner][vc_row_inner visibility=&#8221;hidden-sm&#8221; css=&#8221;.vc_custom_1557424414732{padding-right: 10% !important;padding-left: 10% !important;}&#8221;][vc_column_inner width=&#8221;1\/6&#8243;][\/vc_column_inner][vc_column_inner el_class=&#8221;box_black&#8221; width=&#8221;2\/3&#8243; css=&#8221;.vc_custom_1548202779489{background-color: rgba(0,0,0,0.57) !important;*background-color: rgb(0,0,0) !important;}&#8221;][mk_fancy_title color=&#8221;#e0bf65&#8243; size=&#8221;40&#8243; line_height=&#8221;100&#8243; font_weight=&#8221;300&#8243; txt_transform=&#8221;uppercase&#8221; letter_spacing=&#8221;0&#8243; margin_top=&#8221;0&#8243; margin_bottom=&#8221;0&#8243; font_family=&#8221;none&#8221; align=&#8221;center&#8221; animation=&#8221;fade-in&#8221;] Guest&#8217;s Code of Conduct [\/mk_fancy_title][vc_empty_space height=&#8221;30px&#8221;][\/vc_column_inner][vc_column_inner width=&#8221;1\/6&#8243;][\/vc_column_inner][\/vc_row_inner][vc_row_inner visibility=&#8221;hidden-sm&#8221; css=&#8221;.vc_custom_1557424414732{padding-right: 10% !important;padding-left: [&hellip;]<\/p>\n","protected":false},"author":2,"featured_media":0,"parent":0,"menu_order":0,"comment_status":"closed","ping_status":"closed","template":"","meta":{"_acf_changed":false,"rs_blank_template":"","rs_page_bg_color":"","slide_template_v7":"","inline_featured_image":false,"iawp_total_views":405,"footnotes":""},"class_list":["post-277","page","type-page","status-publish","hentry"],"acf":[],"yoast_head":"<!-- This site is optimized with the Yoast SEO plugin v27.4 - https:\/\/yoast.com\/product\/yoast-seo-wordpress\/ -->\n<title>C\u00f3digo de Conduta do Cliente | Full Spa - Massagem Sensual<\/title>\n<meta name=\"description\" content=\"Full Spa orgulha-se de fornecer um servi\u00e7o \u00fanico num espa\u00e7o fant\u00e1stico. Somos um SPA Er\u00f3tico para Homens, Mulheres e Casais.\" \/>\n<meta name=\"robots\" content=\"index, follow, max-snippet:-1, max-image-preview:large, max-video-preview:-1\" \/>\n<link rel=\"canonical\" href=\"https:\/\/fullspa.pt\/codigo-de-conduta-do-cliente\/\" \/>\n<meta property=\"og:locale\" content=\"en_US\" \/>\n<meta property=\"og:type\" content=\"article\" \/>\n<meta property=\"og:title\" content=\"C\u00f3digo de Conduta do Cliente | Full Spa - Massagem Sensual\" \/>\n<meta property=\"og:description\" content=\"Full Spa orgulha-se de fornecer um servi\u00e7o \u00fanico num espa\u00e7o fant\u00e1stico. Somos um SPA Er\u00f3tico para Homens, Mulheres e Casais.\" \/>\n<meta property=\"og:url\" content=\"https:\/\/fullspa.pt\/codigo-de-conduta-do-cliente\/\" \/>\n<meta property=\"og:site_name\" content=\"Full Spa - Massage Center\" \/>\n<meta property=\"article:modified_time\" content=\"2026-03-24T19:13:40+00:00\" \/>\n<meta name=\"twitter:card\" content=\"summary_large_image\" \/>\n<meta name=\"twitter:label1\" content=\"Est. reading time\" \/>\n\t<meta name=\"twitter:data1\" content=\"4 minutes\" \/>\n<script type=\"application\/ld+json\" class=\"yoast-schema-graph\">{\"@context\":\"https:\\\/\\\/schema.org\",\"@graph\":[{\"@type\":\"WebPage\",\"@id\":\"https:\\\/\\\/fullspa.pt\\\/codigo-de-conduta-do-cliente\\\/\",\"url\":\"https:\\\/\\\/fullspa.pt\\\/codigo-de-conduta-do-cliente\\\/\",\"name\":\"C\u00f3digo de Conduta do Cliente | Full Spa - Massagem Sensual\",\"isPartOf\":{\"@id\":\"https:\\\/\\\/fullspa.pt\\\/#website\"},\"primaryImageOfPage\":{\"@id\":\"https:\\\/\\\/fullspa.pt\\\/codigo-de-conduta-do-cliente\\\/#primaryimage\"},\"image\":{\"@id\":\"https:\\\/\\\/fullspa.pt\\\/codigo-de-conduta-do-cliente\\\/#primaryimage\"},\"thumbnailUrl\":\"https:\\\/\\\/fullspa.pt\\\/wp-content\\\/uploads\\\/2023\\\/01\\\/whatsapp_logo_png.png\",\"datePublished\":\"2018-12-24T01:07:22+00:00\",\"dateModified\":\"2026-03-24T19:13:40+00:00\",\"description\":\"Full Spa orgulha-se de fornecer um servi\u00e7o \u00fanico num espa\u00e7o fant\u00e1stico. Somos um SPA Er\u00f3tico para Homens, Mulheres e Casais.\",\"breadcrumb\":{\"@id\":\"https:\\\/\\\/fullspa.pt\\\/codigo-de-conduta-do-cliente\\\/#breadcrumb\"},\"inLanguage\":\"en-US\",\"potentialAction\":[{\"@type\":\"ReadAction\",\"target\":[\"https:\\\/\\\/fullspa.pt\\\/codigo-de-conduta-do-cliente\\\/\"]}]},{\"@type\":\"ImageObject\",\"inLanguage\":\"en-US\",\"@id\":\"https:\\\/\\\/fullspa.pt\\\/codigo-de-conduta-do-cliente\\\/#primaryimage\",\"url\":\"https:\\\/\\\/fullspa.pt\\\/wp-content\\\/uploads\\\/2023\\\/01\\\/whatsapp_logo_png.png\",\"contentUrl\":\"https:\\\/\\\/fullspa.pt\\\/wp-content\\\/uploads\\\/2023\\\/01\\\/whatsapp_logo_png.png\"},{\"@type\":\"BreadcrumbList\",\"@id\":\"https:\\\/\\\/fullspa.pt\\\/codigo-de-conduta-do-cliente\\\/#breadcrumb\",\"itemListElement\":[{\"@type\":\"ListItem\",\"position\":1,\"name\":\"Home\",\"item\":\"https:\\\/\\\/fullspa.pt\\\/\"},{\"@type\":\"ListItem\",\"position\":2,\"name\":\"Guest&#8217;s Code of Conduct\"}]},{\"@type\":\"WebSite\",\"@id\":\"https:\\\/\\\/fullspa.pt\\\/#website\",\"url\":\"https:\\\/\\\/fullspa.pt\\\/\",\"name\":\"Full Spa - Massage Center\",\"description\":\"Massage Center for Men, Women and Couples\",\"potentialAction\":[{\"@type\":\"SearchAction\",\"target\":{\"@type\":\"EntryPoint\",\"urlTemplate\":\"https:\\\/\\\/fullspa.pt\\\/?s={search_term_string}\"},\"query-input\":{\"@type\":\"PropertyValueSpecification\",\"valueRequired\":true,\"valueName\":\"search_term_string\"}}],\"inLanguage\":\"en-US\"}]}<\/script>\n<!-- \/ Yoast SEO plugin. -->","yoast_head_json":{"title":"C\u00f3digo de Conduta do Cliente | Full Spa - Massagem Sensual","description":"Full Spa orgulha-se de fornecer um servi\u00e7o \u00fanico num espa\u00e7o fant\u00e1stico. Somos um SPA Er\u00f3tico para Homens, Mulheres e Casais.","robots":{"index":"index","follow":"follow","max-snippet":"max-snippet:-1","max-image-preview":"max-image-preview:large","max-video-preview":"max-video-preview:-1"},"canonical":"https:\/\/fullspa.pt\/codigo-de-conduta-do-cliente\/","og_locale":"en_US","og_type":"article","og_title":"C\u00f3digo de Conduta do Cliente | Full Spa - Massagem Sensual","og_description":"Full Spa orgulha-se de fornecer um servi\u00e7o \u00fanico num espa\u00e7o fant\u00e1stico. Somos um SPA Er\u00f3tico para Homens, Mulheres e Casais.","og_url":"https:\/\/fullspa.pt\/codigo-de-conduta-do-cliente\/","og_site_name":"Full Spa - Massage Center","article_modified_time":"2026-03-24T19:13:40+00:00","twitter_card":"summary_large_image","twitter_misc":{"Est. reading time":"4 minutes"},"schema":{"@context":"https:\/\/schema.org","@graph":[{"@type":"WebPage","@id":"https:\/\/fullspa.pt\/codigo-de-conduta-do-cliente\/","url":"https:\/\/fullspa.pt\/codigo-de-conduta-do-cliente\/","name":"C\u00f3digo de Conduta do Cliente | Full Spa - Massagem Sensual","isPartOf":{"@id":"https:\/\/fullspa.pt\/#website"},"primaryImageOfPage":{"@id":"https:\/\/fullspa.pt\/codigo-de-conduta-do-cliente\/#primaryimage"},"image":{"@id":"https:\/\/fullspa.pt\/codigo-de-conduta-do-cliente\/#primaryimage"},"thumbnailUrl":"https:\/\/fullspa.pt\/wp-content\/uploads\/2023\/01\/whatsapp_logo_png.png","datePublished":"2018-12-24T01:07:22+00:00","dateModified":"2026-03-24T19:13:40+00:00","description":"Full Spa orgulha-se de fornecer um servi\u00e7o \u00fanico num espa\u00e7o fant\u00e1stico. Somos um SPA Er\u00f3tico para Homens, Mulheres e Casais.","breadcrumb":{"@id":"https:\/\/fullspa.pt\/codigo-de-conduta-do-cliente\/#breadcrumb"},"inLanguage":"en-US","potentialAction":[{"@type":"ReadAction","target":["https:\/\/fullspa.pt\/codigo-de-conduta-do-cliente\/"]}]},{"@type":"ImageObject","inLanguage":"en-US","@id":"https:\/\/fullspa.pt\/codigo-de-conduta-do-cliente\/#primaryimage","url":"https:\/\/fullspa.pt\/wp-content\/uploads\/2023\/01\/whatsapp_logo_png.png","contentUrl":"https:\/\/fullspa.pt\/wp-content\/uploads\/2023\/01\/whatsapp_logo_png.png"},{"@type":"BreadcrumbList","@id":"https:\/\/fullspa.pt\/codigo-de-conduta-do-cliente\/#breadcrumb","itemListElement":[{"@type":"ListItem","position":1,"name":"Home","item":"https:\/\/fullspa.pt\/"},{"@type":"ListItem","position":2,"name":"Guest&#8217;s Code of Conduct"}]},{"@type":"WebSite","@id":"https:\/\/fullspa.pt\/#website","url":"https:\/\/fullspa.pt\/","name":"Full Spa - Massage Center","description":"Massage Center for Men, Women and Couples","potentialAction":[{"@type":"SearchAction","target":{"@type":"EntryPoint","urlTemplate":"https:\/\/fullspa.pt\/?s={search_term_string}"},"query-input":{"@type":"PropertyValueSpecification","valueRequired":true,"valueName":"search_term_string"}}],"inLanguage":"en-US"}]}},"_links":{"self":[{"href":"https:\/\/fullspa.pt\/en\/wp-json\/wp\/v2\/pages\/277","targetHints":{"allow":["GET"]}}],"collection":[{"href":"https:\/\/fullspa.pt\/en\/wp-json\/wp\/v2\/pages"}],"about":[{"href":"https:\/\/fullspa.pt\/en\/wp-json\/wp\/v2\/types\/page"}],"author":[{"embeddable":true,"href":"https:\/\/fullspa.pt\/en\/wp-json\/wp\/v2\/users\/2"}],"replies":[{"embeddable":true,"href":"https:\/\/fullspa.pt\/en\/wp-json\/wp\/v2\/comments?post=277"}],"version-history":[{"count":5,"href":"https:\/\/fullspa.pt\/en\/wp-json\/wp\/v2\/pages\/277\/revisions"}],"predecessor-version":[{"id":6139,"href":"https:\/\/fullspa.pt\/en\/wp-json\/wp\/v2\/pages\/277\/revisions\/6139"}],"wp:attachment":[{"href":"https:\/\/fullspa.pt\/en\/wp-json\/wp\/v2\/media?parent=277"}],"curies":[{"name":"wp","href":"https:\/\/api.w.org\/{rel}","templated":true}]}}