{"id":281,"date":"2018-12-24T01:17:20","date_gmt":"2018-12-24T01:17:20","guid":{"rendered":"http:\/\/wayangcenter.makeitdigital.pt\/?page_id=281"},"modified":"2026-03-24T19:11:17","modified_gmt":"2026-03-24T19:11:17","slug":"advertencias-e-recomendacoes","status":"publish","type":"page","link":"https:\/\/fullspa.pt\/en\/advertencias-e-recomendacoes\/","title":{"rendered":"Warnings and recommendations"},"content":{"rendered":"<div class=\"wpb-content-wrapper\">[vc_section full_width=&#8221;stretch_row&#8221; css=&#8221;.vc_custom_1557846657549{background-image: url(https:\/\/fullspa.makeitdigital.tk\/wp-content\/uploads\/2019\/05\/advertencias.png?id=2304) !important;}&#8221;][vc_row fullwidth=&#8221;true&#8221; css=&#8221;.vc_custom_1557846549717{background-position: center !important;background-repeat: no-repeat !important;background-size: cover !important;}&#8221; id=&#8221;upper_title&#8221;][vc_column][vc_row_inner visibility=&#8221;hidden-sm&#8221; css=&#8221;.vc_custom_1557424414732{padding-right: 10% !important;padding-left: 10% !important;}&#8221;][vc_column_inner][vc_empty_space height=&#8221;100px&#8221;][\/vc_column_inner][\/vc_row_inner][vc_row_inner visibility=&#8221;hidden-sm&#8221; css=&#8221;.vc_custom_1557424414732{padding-right: 10% !important;padding-left: 10% !important;}&#8221;][vc_column_inner width=&#8221;1\/6&#8243;][\/vc_column_inner][vc_column_inner el_class=&#8221;box_black&#8221; width=&#8221;2\/3&#8243; css=&#8221;.vc_custom_1548202779489{background-color: rgba(0,0,0,0.57) !important;*background-color: rgb(0,0,0) !important;}&#8221;][mk_fancy_title color=&#8221;#e0bf65&#8243; size=&#8221;40&#8243; line_height=&#8221;100&#8243; font_weight=&#8221;300&#8243; txt_transform=&#8221;uppercase&#8221; letter_spacing=&#8221;0&#8243; margin_top=&#8221;0&#8243; margin_bottom=&#8221;0&#8243; font_family=&#8221;none&#8221; align=&#8221;center&#8221; animation=&#8221;fade-in&#8221;]\n<h1 style=\"text-align: center; color: #ffffff;\">Warnings and recommendations<\/h1>\n[\/mk_fancy_title][vc_empty_space height=&#8221;30px&#8221;][\/vc_column_inner][vc_column_inner width=&#8221;1\/6&#8243;][\/vc_column_inner][\/vc_row_inner][vc_row_inner visibility=&#8221;hidden-sm&#8221; css=&#8221;.vc_custom_1557424414732{padding-right: 10% !important;padding-left: 10% !important;}&#8221;][vc_column_inner][vc_empty_space height=&#8221;150px&#8221;][\/vc_column_inner][\/vc_row_inner][vc_row_inner visibility=&#8221;visible-sm&#8221; css=&#8221;.vc_custom_1557424421091{padding-right: 10% !important;padding-left: 10% !important;}&#8221;][vc_column_inner][vc_empty_space height=&#8221;100px&#8221;][\/vc_column_inner][\/vc_row_inner][vc_row_inner visibility=&#8221;visible-sm&#8221; css=&#8221;.vc_custom_1557424421091{padding-right: 10% !important;padding-left: 10% !important;}&#8221;][vc_column_inner el_class=&#8221;box_black&#8221; css=&#8221;.vc_custom_1548202779489{background-color: rgba(0,0,0,0.57) !important;*background-color: rgb(0,0,0) !important;}&#8221;][mk_fancy_title color=&#8221;#e0bf65&#8243; size=&#8221;40&#8243; font_weight=&#8221;300&#8243; txt_transform=&#8221;uppercase&#8221; margin_bottom=&#8221;0&#8243; font_family=&#8221;none&#8221; align=&#8221;center&#8221; animation=&#8221;fade-in&#8221;]\n<p style=\"text-align: center;\">Warnings and recommendations<\/p>\n[\/mk_fancy_title][vc_empty_space height=&#8221;30px&#8221;][\/vc_column_inner][\/vc_row_inner][vc_row_inner visibility=&#8221;visible-sm&#8221; css=&#8221;.vc_custom_1557424421091{padding-right: 10% !important;padding-left: 10% !important;}&#8221;][vc_column_inner][vc_empty_space height=&#8221;100px&#8221;][\/vc_column_inner][\/vc_row_inner][\/vc_column][\/vc_row][\/vc_section][vc_row][vc_column][vc_empty_space height=&#8221;30px&#8221;][vc_column_text css=&#8221;.vc_custom_1557742992433{margin-bottom: 0px !important;}&#8221;]\n<ul>\n<li>The massages practiced in this SPA are sensual erotic massages;<\/li>\n<li>Our massage therapists are specialized in erotic, sensual and relaxing techniques;<\/li>\n<li>The duration of the massage counts from the moment you enter the room to start the massage, always count with more 30 minutes to showers before and after the massage;<\/li>\n<li>It is expressly forbidden to receive massages if you have any heart, circulatory or other problems with your bones, muscles or joints, as well as if you have any allergies;<\/li>\n<li>Massages can cause excitement or relaxation, depending on each case, so the guest must be in perfect physical conditions;<\/li>\n<li>Full SPA is not liable if our guest ignores these warnings and recommendations.<\/li>\n<li>Also check our <a href=\"..\/codigo-de-conduta-do-cliente\">Code of Conduct<\/a> and the answers to most <a href=\"..\/faqs\">frequent questions<\/a> from our guests.<\/li>\n<\/ul>\n[\/vc_column_text][\/vc_column][\/vc_row][vc_row fullwidth=&#8221;true&#8221; fullwidth_content=&#8221;false&#8221;][vc_column][vc_empty_space height=&#8221;70px&#8221;][mk_button dimension=&#8221;outline&#8221; corner_style=&#8221;full_rounded&#8221; size=&#8221;large&#8221; letter_spacing=&#8221;4&#8243; icon=&#8221;mk-icon-angle-right&#8221; url=&#8221;\/massagens\/&#8221; align=&#8221;center&#8221; button_custom_width=&#8221;553&#8243; margin_bottom=&#8221;0&#8243; margin_right=&#8221;0&#8243; outline_skin=&#8221;custom&#8221; outline_active_color=&#8221;#ffffff&#8221; outline_active_text_color=&#8221;#ffffff&#8221; outline_hover_bg_color=&#8221;#ffffff&#8221; outline_hover_color=&#8221;#000000&#8243;]SEE OUR MASSAGES[\/mk_button][vc_empty_space height=&#8221;70px&#8221;][mk_fancy_title color=&#8221;#ffffff&#8221; size=&#8221;26&#8243; font_weight=&#8221;300&#8243; letter_spacing=&#8221;3&#8243; margin_bottom=&#8221;0&#8243; font_family=&#8221;none&#8221; align=&#8221;center&#8221; animation=&#8221;fade-in&#8221;]\n<p style=\"text-align: center; color: #fff;\">\u00a0Reservations and Information:<\/p>\n<p style=\"text-align: center;\"><strong><a href=\"tel:+351214100763\">(+351) 214 100 763*<\/a><\/strong><a href=\"tel:+351214100763\"> <img decoding=\"async\" class=\"wp-image-2979 alignnone size-medium\" src=\"https:\/\/fullspa.pt\/wp-content\/uploads\/2023\/01\/whatsapp_logo_png.png\" alt=\"\" width=\"22\" height=\"22\" \/><\/a><\/p>\n[\/mk_fancy_title][vc_empty_space height=&#8221;45px&#8221;][vc_column_text css=&#8221;.vc_custom_1673533668512{margin-bottom: 0px !important;}&#8221;]\n<p style=\"text-align: center; color: #fff;\">*(Call to nacional fixed network)<\/p>\n[\/vc_column_text][\/vc_column][\/vc_row][vc_row][vc_column][vc_column_text]\n[\/vc_column_text][\/vc_column][\/vc_row]\n<\/div>","protected":false},"excerpt":{"rendered":"<p>[vc_section full_width=&#8221;stretch_row&#8221; css=&#8221;.vc_custom_1557846657549{background-image: url(https:\/\/fullspa.makeitdigital.tk\/wp-content\/uploads\/2019\/05\/advertencias.png?id=2304) !important;}&#8221;][vc_row fullwidth=&#8221;true&#8221; css=&#8221;.vc_custom_1557846549717{background-position: center !important;background-repeat: no-repeat !important;background-size: cover !important;}&#8221; id=&#8221;upper_title&#8221;][vc_column][vc_row_inner visibility=&#8221;hidden-sm&#8221; css=&#8221;.vc_custom_1557424414732{padding-right: 10% !important;padding-left: 10% !important;}&#8221;][vc_column_inner][vc_empty_space height=&#8221;100px&#8221;][\/vc_column_inner][\/vc_row_inner][vc_row_inner visibility=&#8221;hidden-sm&#8221; css=&#8221;.vc_custom_1557424414732{padding-right: 10% !important;padding-left: 10% !important;}&#8221;][vc_column_inner width=&#8221;1\/6&#8243;][\/vc_column_inner][vc_column_inner el_class=&#8221;box_black&#8221; width=&#8221;2\/3&#8243; css=&#8221;.vc_custom_1548202779489{background-color: rgba(0,0,0,0.57) !important;*background-color: rgb(0,0,0) !important;}&#8221;][mk_fancy_title color=&#8221;#e0bf65&#8243; size=&#8221;40&#8243; line_height=&#8221;100&#8243; font_weight=&#8221;300&#8243; txt_transform=&#8221;uppercase&#8221; letter_spacing=&#8221;0&#8243; margin_top=&#8221;0&#8243; margin_bottom=&#8221;0&#8243; font_family=&#8221;none&#8221; align=&#8221;center&#8221; animation=&#8221;fade-in&#8221;] Warnings and recommendations [\/mk_fancy_title][vc_empty_space height=&#8221;30px&#8221;][\/vc_column_inner][vc_column_inner width=&#8221;1\/6&#8243;][\/vc_column_inner][\/vc_row_inner][vc_row_inner visibility=&#8221;hidden-sm&#8221; css=&#8221;.vc_custom_1557424414732{padding-right: 10% [&hellip;]<\/p>\n","protected":false},"author":2,"featured_media":0,"parent":0,"menu_order":0,"comment_status":"closed","ping_status":"closed","template":"","meta":{"_acf_changed":false,"rs_blank_template":"","rs_page_bg_color":"","slide_template_v7":"","inline_featured_image":false,"iawp_total_views":331,"footnotes":""},"class_list":["post-281","page","type-page","status-publish","hentry"],"acf":[],"yoast_head":"<!-- This site is optimized with the Yoast SEO plugin v27.3 - https:\/\/yoast.com\/product\/yoast-seo-wordpress\/ -->\n<title>Recomenda\u00e7\u00f5es | Full Spa - Massagem Sensual Erotica T\u00e2ntrica<\/title>\n<meta name=\"description\" content=\"Full SPA - Centro de Massagens Para homens, mulheres e casais. Veja algumas das nossas recomenda\u00e7\u00f5es para desfrutar de uma excelente massagem\" \/>\n<meta name=\"robots\" content=\"index, follow, max-snippet:-1, max-image-preview:large, max-video-preview:-1\" \/>\n<link rel=\"canonical\" href=\"https:\/\/fullspa.pt\/advertencias-e-recomendacoes\/\" \/>\n<meta property=\"og:locale\" content=\"en_US\" \/>\n<meta property=\"og:type\" content=\"article\" \/>\n<meta property=\"og:title\" content=\"Recomenda\u00e7\u00f5es | Full Spa - Massagem Sensual Erotica T\u00e2ntrica\" \/>\n<meta property=\"og:description\" content=\"Full SPA - Centro de Massagens Para homens, mulheres e casais. Veja algumas das nossas recomenda\u00e7\u00f5es para desfrutar de uma excelente massagem\" \/>\n<meta property=\"og:url\" content=\"https:\/\/fullspa.pt\/advertencias-e-recomendacoes\/\" \/>\n<meta property=\"og:site_name\" content=\"Full Spa - Massage Center\" \/>\n<meta property=\"article:modified_time\" content=\"2026-03-24T19:11:17+00:00\" \/>\n<meta name=\"twitter:card\" content=\"summary_large_image\" \/>\n<meta name=\"twitter:label1\" content=\"Est. reading time\" \/>\n\t<meta name=\"twitter:data1\" content=\"2 minutes\" \/>\n<script type=\"application\/ld+json\" class=\"yoast-schema-graph\">{\"@context\":\"https:\\\/\\\/schema.org\",\"@graph\":[{\"@type\":\"WebPage\",\"@id\":\"https:\\\/\\\/fullspa.pt\\\/advertencias-e-recomendacoes\\\/\",\"url\":\"https:\\\/\\\/fullspa.pt\\\/advertencias-e-recomendacoes\\\/\",\"name\":\"Recomenda\u00e7\u00f5es | Full Spa - Massagem Sensual Erotica T\u00e2ntrica\",\"isPartOf\":{\"@id\":\"https:\\\/\\\/fullspa.pt\\\/#website\"},\"primaryImageOfPage\":{\"@id\":\"https:\\\/\\\/fullspa.pt\\\/advertencias-e-recomendacoes\\\/#primaryimage\"},\"image\":{\"@id\":\"https:\\\/\\\/fullspa.pt\\\/advertencias-e-recomendacoes\\\/#primaryimage\"},\"thumbnailUrl\":\"https:\\\/\\\/fullspa.pt\\\/wp-content\\\/uploads\\\/2023\\\/01\\\/whatsapp_logo_png.png\",\"datePublished\":\"2018-12-24T01:17:20+00:00\",\"dateModified\":\"2026-03-24T19:11:17+00:00\",\"description\":\"Full SPA - Centro de Massagens Para homens, mulheres e casais. Veja algumas das nossas recomenda\u00e7\u00f5es para desfrutar de uma excelente massagem\",\"breadcrumb\":{\"@id\":\"https:\\\/\\\/fullspa.pt\\\/advertencias-e-recomendacoes\\\/#breadcrumb\"},\"inLanguage\":\"en-US\",\"potentialAction\":[{\"@type\":\"ReadAction\",\"target\":[\"https:\\\/\\\/fullspa.pt\\\/advertencias-e-recomendacoes\\\/\"]}]},{\"@type\":\"ImageObject\",\"inLanguage\":\"en-US\",\"@id\":\"https:\\\/\\\/fullspa.pt\\\/advertencias-e-recomendacoes\\\/#primaryimage\",\"url\":\"https:\\\/\\\/fullspa.pt\\\/wp-content\\\/uploads\\\/2023\\\/01\\\/whatsapp_logo_png.png\",\"contentUrl\":\"https:\\\/\\\/fullspa.pt\\\/wp-content\\\/uploads\\\/2023\\\/01\\\/whatsapp_logo_png.png\"},{\"@type\":\"BreadcrumbList\",\"@id\":\"https:\\\/\\\/fullspa.pt\\\/advertencias-e-recomendacoes\\\/#breadcrumb\",\"itemListElement\":[{\"@type\":\"ListItem\",\"position\":1,\"name\":\"Home\",\"item\":\"https:\\\/\\\/fullspa.pt\\\/\"},{\"@type\":\"ListItem\",\"position\":2,\"name\":\"Warnings and recommendations\"}]},{\"@type\":\"WebSite\",\"@id\":\"https:\\\/\\\/fullspa.pt\\\/#website\",\"url\":\"https:\\\/\\\/fullspa.pt\\\/\",\"name\":\"Full Spa - Massage Center\",\"description\":\"Massage Center for Men, Women and Couples\",\"potentialAction\":[{\"@type\":\"SearchAction\",\"target\":{\"@type\":\"EntryPoint\",\"urlTemplate\":\"https:\\\/\\\/fullspa.pt\\\/?s={search_term_string}\"},\"query-input\":{\"@type\":\"PropertyValueSpecification\",\"valueRequired\":true,\"valueName\":\"search_term_string\"}}],\"inLanguage\":\"en-US\"}]}<\/script>\n<!-- \/ Yoast SEO plugin. -->","yoast_head_json":{"title":"Recomenda\u00e7\u00f5es | Full Spa - Massagem Sensual Erotica T\u00e2ntrica","description":"Full SPA - Centro de Massagens Para homens, mulheres e casais. Veja algumas das nossas recomenda\u00e7\u00f5es para desfrutar de uma excelente massagem","robots":{"index":"index","follow":"follow","max-snippet":"max-snippet:-1","max-image-preview":"max-image-preview:large","max-video-preview":"max-video-preview:-1"},"canonical":"https:\/\/fullspa.pt\/advertencias-e-recomendacoes\/","og_locale":"en_US","og_type":"article","og_title":"Recomenda\u00e7\u00f5es | Full Spa - Massagem Sensual Erotica T\u00e2ntrica","og_description":"Full SPA - Centro de Massagens Para homens, mulheres e casais. Veja algumas das nossas recomenda\u00e7\u00f5es para desfrutar de uma excelente massagem","og_url":"https:\/\/fullspa.pt\/advertencias-e-recomendacoes\/","og_site_name":"Full Spa - Massage Center","article_modified_time":"2026-03-24T19:11:17+00:00","twitter_card":"summary_large_image","twitter_misc":{"Est. reading time":"2 minutes"},"schema":{"@context":"https:\/\/schema.org","@graph":[{"@type":"WebPage","@id":"https:\/\/fullspa.pt\/advertencias-e-recomendacoes\/","url":"https:\/\/fullspa.pt\/advertencias-e-recomendacoes\/","name":"Recomenda\u00e7\u00f5es | Full Spa - Massagem Sensual Erotica T\u00e2ntrica","isPartOf":{"@id":"https:\/\/fullspa.pt\/#website"},"primaryImageOfPage":{"@id":"https:\/\/fullspa.pt\/advertencias-e-recomendacoes\/#primaryimage"},"image":{"@id":"https:\/\/fullspa.pt\/advertencias-e-recomendacoes\/#primaryimage"},"thumbnailUrl":"https:\/\/fullspa.pt\/wp-content\/uploads\/2023\/01\/whatsapp_logo_png.png","datePublished":"2018-12-24T01:17:20+00:00","dateModified":"2026-03-24T19:11:17+00:00","description":"Full SPA - Centro de Massagens Para homens, mulheres e casais. Veja algumas das nossas recomenda\u00e7\u00f5es para desfrutar de uma excelente massagem","breadcrumb":{"@id":"https:\/\/fullspa.pt\/advertencias-e-recomendacoes\/#breadcrumb"},"inLanguage":"en-US","potentialAction":[{"@type":"ReadAction","target":["https:\/\/fullspa.pt\/advertencias-e-recomendacoes\/"]}]},{"@type":"ImageObject","inLanguage":"en-US","@id":"https:\/\/fullspa.pt\/advertencias-e-recomendacoes\/#primaryimage","url":"https:\/\/fullspa.pt\/wp-content\/uploads\/2023\/01\/whatsapp_logo_png.png","contentUrl":"https:\/\/fullspa.pt\/wp-content\/uploads\/2023\/01\/whatsapp_logo_png.png"},{"@type":"BreadcrumbList","@id":"https:\/\/fullspa.pt\/advertencias-e-recomendacoes\/#breadcrumb","itemListElement":[{"@type":"ListItem","position":1,"name":"Home","item":"https:\/\/fullspa.pt\/"},{"@type":"ListItem","position":2,"name":"Warnings and recommendations"}]},{"@type":"WebSite","@id":"https:\/\/fullspa.pt\/#website","url":"https:\/\/fullspa.pt\/","name":"Full Spa - Massage Center","description":"Massage Center for Men, Women and Couples","potentialAction":[{"@type":"SearchAction","target":{"@type":"EntryPoint","urlTemplate":"https:\/\/fullspa.pt\/?s={search_term_string}"},"query-input":{"@type":"PropertyValueSpecification","valueRequired":true,"valueName":"search_term_string"}}],"inLanguage":"en-US"}]}},"_links":{"self":[{"href":"https:\/\/fullspa.pt\/en\/wp-json\/wp\/v2\/pages\/281","targetHints":{"allow":["GET"]}}],"collection":[{"href":"https:\/\/fullspa.pt\/en\/wp-json\/wp\/v2\/pages"}],"about":[{"href":"https:\/\/fullspa.pt\/en\/wp-json\/wp\/v2\/types\/page"}],"author":[{"embeddable":true,"href":"https:\/\/fullspa.pt\/en\/wp-json\/wp\/v2\/users\/2"}],"replies":[{"embeddable":true,"href":"https:\/\/fullspa.pt\/en\/wp-json\/wp\/v2\/comments?post=281"}],"version-history":[{"count":5,"href":"https:\/\/fullspa.pt\/en\/wp-json\/wp\/v2\/pages\/281\/revisions"}],"predecessor-version":[{"id":6137,"href":"https:\/\/fullspa.pt\/en\/wp-json\/wp\/v2\/pages\/281\/revisions\/6137"}],"wp:attachment":[{"href":"https:\/\/fullspa.pt\/en\/wp-json\/wp\/v2\/media?parent=281"}],"curies":[{"name":"wp","href":"https:\/\/api.w.org\/{rel}","templated":true}]}}