{"id":3797,"date":"2021-07-31T22:09:07","date_gmt":"2021-07-31T22:09:07","guid":{"rendered":"https:\/\/www.fullspa.pt\/?page_id=3797"},"modified":"2026-03-24T19:55:23","modified_gmt":"2026-03-24T19:55:23","slug":"mariana","status":"publish","type":"page","link":"https:\/\/fullspa.pt\/en\/mariana\/","title":{"rendered":"Therapist Mariana"},"content":{"rendered":"<div class=\"wpb-content-wrapper\">[vc_section full_width=&#8221;stretch_row&#8221; content_placement=&#8221;top&#8221; css=&#8221;.vc_custom_1597097471741{background-position: center !important;background-repeat: no-repeat !important;background-size: cover !important;}&#8221;][vc_row fullwidth=&#8221;true&#8221; css=&#8221;.vc_custom_1557847292590{background-position: center !important;background-repeat: no-repeat !important;background-size: cover !important;}&#8221; id=&#8221;upper_title&#8221;][vc_column][vc_empty_space height=&#8221;50px&#8221;][vc_row_inner css=&#8221;.vc_custom_1597178934591{padding-right: 10% !important;padding-left: 10% !important;}&#8221;][vc_column_inner width=&#8221;1\/6&#8243;][\/vc_column_inner][vc_column_inner el_class=&#8221;box_black&#8221; width=&#8221;2\/3&#8243; css=&#8221;.vc_custom_1597097787959{background-color: rgba(0,0,0,0.57) !important;*background-color: rgb(0,0,0) !important;}&#8221;][mk_fancy_title color=&#8221;#e0bf65&#8243; size=&#8221;40&#8243; line_height=&#8221;100&#8243; font_weight=&#8221;300&#8243; txt_transform=&#8221;uppercase&#8221; letter_spacing=&#8221;0&#8243; margin_top=&#8221;0&#8243; margin_bottom=&#8221;0&#8243; font_family=&#8221;none&#8221; align=&#8221;center&#8221; animation=&#8221;fade-in&#8221;]\n<h1 style=\"text-align: center; color: #ffffff;\">Mariana<\/h1>\n[\/mk_fancy_title][mk_fancy_title tag_name=&#8221;h3&#8243; color=&#8221;#e0bf65&#8243; size=&#8221;20&#8243; font_weight=&#8221;300&#8243; margin_bottom=&#8221;0&#8243; font_family=&#8221;none&#8221; align=&#8221;center&#8221; animation=&#8221;fade-in&#8221;]Brazil, 27 Years, 1,71m Height[\/mk_fancy_title][vc_empty_space][\/vc_column_inner][vc_column_inner width=&#8221;1\/6&#8243;][\/vc_column_inner][\/vc_row_inner][\/vc_column][\/vc_row][vc_row][vc_column][vc_empty_space height=&#8221;60px&#8221;][vc_column_text css=&#8221;.vc_custom_1681204519015{margin-bottom: 0px !important;}&#8221;]<!-- Final Tiles Grid Gallery for WordPress v3.6.13 free --><style>#ftg-2424 .tile .icon { color:#000000; }#ftg-2424 .ftg-items .loading-bar i { background:#3f888f; }#ftg-2424 .ftg-items .loading-bar { background:#3f888f; }#ftg-2424 .tile .icon { font-size:50px; }#ftg-2424 .tile .icon { margin: -25px 0 0 -25px; }#ftg-2424 .tile .caption-block .text-wrapper span.text { font-size:20px; }#ftg-2424 .tile .caption-outside .text-wrapper span.text { font-size:20px; }#ftg-2424 .tile .caption-block .text-wrapper span.title { font-size:20px; }#ftg-2424 .tile .caption-outside .text-wrapper span.title { font-size:20px; }#ftg-2424 .tile { background-color: #000000; }#ftg-2424 .tile .caption-block .text-wrapper span.text { color: #000000; }#ftg-2424 .tile .caption-block .text-wrapper span.title { color: #000000; }#ftg-2424 .tile .caption-outside .text-wrapper span.text { color: #000000; }#ftg-2424 .tile .caption-outside .text-wrapper span.title { color: #000000; }#ftg-2424 .tile .ftg-social a { color: #ffffff; }#ftg-2424 .tile .caption-block { transition-timing-function:ease; }#ftg-2424 .tile .caption-block { transition-duration:0.25s; }#ftg-2424 .tile .tile-inner:before { background-color: #000000; }#ftg-2424 .tile .tile-inner:before { background-color: rgba(0, 0, 0, 0.1); }#ftg-2424 .tile:hover img {-moz-transform: -moz-rotate(0deg) -moz-scale(0) ;-webkit-transform: -webkit-rotate(0deg) -webkit-scale(0) ;-o-transform: -o-rotate(0deg) -o-scale(0) ;-ms-transform: -ms-rotate(0deg) -ms-scale(0) ;transform: rotate(0deg) scale(0) ;}<\/style><a name=\"24\"><\/a><div class=\"final-tiles-gallery  ftg-hover-enabled caption-inside  caption-none caption-middle caption-center\" id=\"ftg-2424\" style=\"width: 100%\"><div class='ftg-items'><div class='loading-bar'><i><\/i><\/div><div  class='tile ftg-preload  '><a title=\"\" data-lightbox='ftg-2424' rel='ftg-2424'  class=' tile-inner  ftg-lightbox' href='https:\/\/fullspa.pt\/wp-content\/uploads\/2025\/12\/mariana3.jpeg' ><img alt='Mariana, massagista do Full Spa, sentada num sof\u00e1 de couro.' class='item skip-lazy' data-class='item' data-ftg-source='https:\/\/fullspa.pt\/wp-content\/uploads\/2025\/12\/mariana3-1024x679.jpeg' src='https:\/\/fullspa.pt\/wp-content\/uploads\/2025\/12\/mariana3-1024x679.jpeg' width='1024' height='679' \/><\/a><div class='ftg-social'><\/div><\/div><div  class='tile ftg-preload  '><a title=\"\" data-lightbox='ftg-2424' rel='ftg-2424'  class=' tile-inner  ftg-lightbox' href='https:\/\/fullspa.pt\/wp-content\/uploads\/2025\/12\/mariana5.jpeg' ><img alt='Mariana, massagista do Full Spa em Lisboa, veste fato branco com cinto preto.' class='item skip-lazy' data-class='item' data-ftg-source='https:\/\/fullspa.pt\/wp-content\/uploads\/2025\/12\/mariana5-569x1024.jpeg' src='https:\/\/fullspa.pt\/wp-content\/uploads\/2025\/12\/mariana5-569x1024.jpeg' width='569' height='1024' \/><\/a><div class='ftg-social'><\/div><\/div><div  class='tile ftg-preload  '><a title=\"\" data-lightbox='ftg-2424' rel='ftg-2424'  class=' tile-inner  ftg-lightbox' href='https:\/\/fullspa.pt\/wp-content\/uploads\/2025\/12\/mariana2.jpeg' ><img alt='Mariana, massagista do Full Spa em Lisboa, posa com os bra\u00e7os cruzados.' class='item skip-lazy' data-class='item' data-ftg-source='https:\/\/fullspa.pt\/wp-content\/uploads\/2025\/12\/mariana2.jpeg' src='https:\/\/fullspa.pt\/wp-content\/uploads\/2025\/12\/mariana2.jpeg' width='781' height='991' \/><\/a><div class='ftg-social'><\/div><\/div><div  class='tile ftg-preload  '><a title=\"\" data-lightbox='ftg-2424' rel='ftg-2424'  class=' tile-inner  ftg-lightbox' href='https:\/\/fullspa.pt\/wp-content\/uploads\/2025\/12\/mariana6.jpeg' ><img alt='Mariana, massagista do Full Spa em Lisboa.' class='item skip-lazy' data-class='item' data-ftg-source='https:\/\/fullspa.pt\/wp-content\/uploads\/2025\/12\/mariana6-609x1024.jpeg' src='https:\/\/fullspa.pt\/wp-content\/uploads\/2025\/12\/mariana6-609x1024.jpeg' width='609' height='1024' \/><\/a><div class='ftg-social'><\/div><\/div><div  class='tile ftg-preload  '><a title=\"\" data-lightbox='ftg-2424' rel='ftg-2424'  class=' tile-inner  ftg-lightbox' href='https:\/\/fullspa.pt\/wp-content\/uploads\/2025\/12\/mariana1.jpeg' ><img alt='Mariana, massagista do Full Spa, posa sensual em frente a uma cascata.' class='item skip-lazy' data-class='item' data-ftg-source='https:\/\/fullspa.pt\/wp-content\/uploads\/2025\/12\/mariana1-683x1024.jpeg' src='https:\/\/fullspa.pt\/wp-content\/uploads\/2025\/12\/mariana1-683x1024.jpeg' width='683' height='1024' \/><\/a><div class='ftg-social'><\/div><\/div><div  class='tile ftg-preload  '><a title=\"\" data-lightbox='ftg-2424' rel='ftg-2424'  class=' tile-inner  ftg-lightbox' href='https:\/\/fullspa.pt\/wp-content\/uploads\/2025\/12\/mariana4.jpeg' ><img alt='Mariana, massagista do Full Spa em Lisboa, com colar e olhar sereno.' class='item skip-lazy' data-class='item' data-ftg-source='https:\/\/fullspa.pt\/wp-content\/uploads\/2025\/12\/mariana4-665x1024.jpeg' src='https:\/\/fullspa.pt\/wp-content\/uploads\/2025\/12\/mariana4-665x1024.jpeg' width='665' height='1024' \/><\/a><div class='ftg-social'><\/div><\/div><\/div><\/div>[\/vc_column_text][vc_empty_space height=&#8221;40px&#8221;][vc_empty_space height=&#8221;80px&#8221;][\/vc_column][\/vc_row][\/vc_section][vc_row fullwidth=&#8221;true&#8221; fullwidth_content=&#8221;false&#8221;][vc_column][vc_empty_space height=&#8221;50px&#8221;][mk_button dimension=&#8221;outline&#8221; corner_style=&#8221;full_rounded&#8221; size=&#8221;large&#8221; letter_spacing=&#8221;4&#8243; icon=&#8221;mk-icon-angle-right&#8221; url=&#8221;\/massagistas&#8221; align=&#8221;center&#8221; button_custom_width=&#8221;553&#8243; margin_bottom=&#8221;0&#8243; margin_right=&#8221;0&#8243; outline_skin=&#8221;custom&#8221; outline_active_color=&#8221;#ffffff&#8221; outline_active_text_color=&#8221;#ffffff&#8221; outline_hover_bg_color=&#8221;#ffffff&#8221; outline_hover_color=&#8221;#000000&#8243;]SEE OTHER THERAPISTS [\/mk_button][vc_empty_space height=&#8221;70px&#8221;][vc_column_text css=&#8221;.vc_custom_1558092073778{margin-bottom: 0px !important;}&#8221;]\n<p style=\"text-align: center; font-size: 1.5em !important;\">Bookings and Information: <span class=\"number_phone_indicative\">+(351)<\/span>\u00a0<strong class=\"number_phone\">214 100 763<\/strong>[\/vc_column_text][vc_empty_space height=&#8221;45px&#8221;][\/vc_column][vc_column][\/vc_column][\/vc_row][vc_row][vc_column][vc_column_text]\n[\/vc_column_text][\/vc_column][\/vc_row]\n<\/div>","protected":false},"excerpt":{"rendered":"<p>[vc_section full_width=&#8221;stretch_row&#8221; content_placement=&#8221;top&#8221; css=&#8221;.vc_custom_1597097471741{background-position: center !important;background-repeat: no-repeat !important;background-size: cover !important;}&#8221;][vc_row fullwidth=&#8221;true&#8221; css=&#8221;.vc_custom_1557847292590{background-position: center !important;background-repeat: no-repeat !important;background-size: cover !important;}&#8221; id=&#8221;upper_title&#8221;][vc_column][vc_empty_space height=&#8221;50px&#8221;][vc_row_inner css=&#8221;.vc_custom_1597178934591{padding-right: 10% !important;padding-left: 10% !important;}&#8221;][vc_column_inner width=&#8221;1\/6&#8243;][\/vc_column_inner][vc_column_inner el_class=&#8221;box_black&#8221; width=&#8221;2\/3&#8243; css=&#8221;.vc_custom_1597097787959{background-color: rgba(0,0,0,0.57) !important;*background-color: rgb(0,0,0) !important;}&#8221;][mk_fancy_title color=&#8221;#e0bf65&#8243; size=&#8221;40&#8243; line_height=&#8221;100&#8243; font_weight=&#8221;300&#8243; txt_transform=&#8221;uppercase&#8221; letter_spacing=&#8221;0&#8243; margin_top=&#8221;0&#8243; margin_bottom=&#8221;0&#8243; font_family=&#8221;none&#8221; align=&#8221;center&#8221; animation=&#8221;fade-in&#8221;] Mariana [\/mk_fancy_title][mk_fancy_title tag_name=&#8221;h3&#8243; color=&#8221;#e0bf65&#8243; size=&#8221;20&#8243; font_weight=&#8221;300&#8243; margin_bottom=&#8221;0&#8243; font_family=&#8221;none&#8221; align=&#8221;center&#8221; animation=&#8221;fade-in&#8221;]Brazil, 27 [&hellip;]<\/p>\n","protected":false},"author":2,"featured_media":0,"parent":0,"menu_order":0,"comment_status":"closed","ping_status":"closed","template":"","meta":{"_acf_changed":false,"rs_blank_template":"","rs_page_bg_color":"","slide_template_v7":"","inline_featured_image":false,"iawp_total_views":6288,"footnotes":""},"class_list":["post-3797","page","type-page","status-publish","hentry"],"acf":[],"yoast_head":"<!-- This site is optimized with the Yoast SEO plugin v27.4 - https:\/\/yoast.com\/product\/yoast-seo-wordpress\/ -->\n<title>Massagista Mariana | Full Spa - Massagem Sensual Erotica e Relax<\/title>\n<meta name=\"description\" content=\"Venha experimentar uma massagem erotica, sensual, t\u00e2ntrica com a Mariana e descobrir novas sensa\u00e7\u00f5es no Full SPA em Alges-Miraflores-Lisboa\" \/>\n<meta name=\"robots\" content=\"index, follow, max-snippet:-1, max-image-preview:large, max-video-preview:-1\" \/>\n<link rel=\"canonical\" href=\"https:\/\/fullspa.pt\/mariana\/\" \/>\n<meta property=\"og:locale\" content=\"en_US\" \/>\n<meta property=\"og:type\" content=\"article\" \/>\n<meta property=\"og:title\" content=\"Massagista Mariana | Full Spa - Massagem Sensual Erotica e Relax\" \/>\n<meta property=\"og:description\" content=\"Venha experimentar uma massagem erotica, sensual, t\u00e2ntrica com a Mariana e descobrir novas sensa\u00e7\u00f5es no Full SPA em Alges-Miraflores-Lisboa\" \/>\n<meta property=\"og:url\" content=\"https:\/\/fullspa.pt\/mariana\/\" \/>\n<meta property=\"og:site_name\" content=\"Full Spa - Massage Center\" \/>\n<meta property=\"article:modified_time\" content=\"2026-03-24T19:55:23+00:00\" \/>\n<meta name=\"twitter:card\" content=\"summary_large_image\" \/>\n<meta name=\"twitter:label1\" content=\"Est. reading time\" \/>\n\t<meta name=\"twitter:data1\" content=\"1 minute\" \/>\n<script type=\"application\/ld+json\" class=\"yoast-schema-graph\">{\"@context\":\"https:\\\/\\\/schema.org\",\"@graph\":[{\"@type\":\"WebPage\",\"@id\":\"https:\\\/\\\/fullspa.pt\\\/mariana\\\/\",\"url\":\"https:\\\/\\\/fullspa.pt\\\/mariana\\\/\",\"name\":\"Massagista Mariana | Full Spa - Massagem Sensual Erotica e Relax\",\"isPartOf\":{\"@id\":\"https:\\\/\\\/fullspa.pt\\\/#website\"},\"datePublished\":\"2021-07-31T22:09:07+00:00\",\"dateModified\":\"2026-03-24T19:55:23+00:00\",\"description\":\"Venha experimentar uma massagem erotica, sensual, t\u00e2ntrica com a Mariana e descobrir novas sensa\u00e7\u00f5es no Full SPA em Alges-Miraflores-Lisboa\",\"breadcrumb\":{\"@id\":\"https:\\\/\\\/fullspa.pt\\\/mariana\\\/#breadcrumb\"},\"inLanguage\":\"en-US\",\"potentialAction\":[{\"@type\":\"ReadAction\",\"target\":[\"https:\\\/\\\/fullspa.pt\\\/mariana\\\/\"]}]},{\"@type\":\"BreadcrumbList\",\"@id\":\"https:\\\/\\\/fullspa.pt\\\/mariana\\\/#breadcrumb\",\"itemListElement\":[{\"@type\":\"ListItem\",\"position\":1,\"name\":\"Home\",\"item\":\"https:\\\/\\\/fullspa.pt\\\/\"},{\"@type\":\"ListItem\",\"position\":2,\"name\":\"Therapist Mariana\"}]},{\"@type\":\"WebSite\",\"@id\":\"https:\\\/\\\/fullspa.pt\\\/#website\",\"url\":\"https:\\\/\\\/fullspa.pt\\\/\",\"name\":\"Full Spa - Massage Center\",\"description\":\"Massage Center for Men, Women and Couples\",\"potentialAction\":[{\"@type\":\"SearchAction\",\"target\":{\"@type\":\"EntryPoint\",\"urlTemplate\":\"https:\\\/\\\/fullspa.pt\\\/?s={search_term_string}\"},\"query-input\":{\"@type\":\"PropertyValueSpecification\",\"valueRequired\":true,\"valueName\":\"search_term_string\"}}],\"inLanguage\":\"en-US\"}]}<\/script>\n<!-- \/ Yoast SEO plugin. -->","yoast_head_json":{"title":"Massagista Mariana | Full Spa - Massagem Sensual Erotica e Relax","description":"Venha experimentar uma massagem erotica, sensual, t\u00e2ntrica com a Mariana e descobrir novas sensa\u00e7\u00f5es no Full SPA em Alges-Miraflores-Lisboa","robots":{"index":"index","follow":"follow","max-snippet":"max-snippet:-1","max-image-preview":"max-image-preview:large","max-video-preview":"max-video-preview:-1"},"canonical":"https:\/\/fullspa.pt\/mariana\/","og_locale":"en_US","og_type":"article","og_title":"Massagista Mariana | Full Spa - Massagem Sensual Erotica e Relax","og_description":"Venha experimentar uma massagem erotica, sensual, t\u00e2ntrica com a Mariana e descobrir novas sensa\u00e7\u00f5es no Full SPA em Alges-Miraflores-Lisboa","og_url":"https:\/\/fullspa.pt\/mariana\/","og_site_name":"Full Spa - Massage Center","article_modified_time":"2026-03-24T19:55:23+00:00","twitter_card":"summary_large_image","twitter_misc":{"Est. reading time":"1 minute"},"schema":{"@context":"https:\/\/schema.org","@graph":[{"@type":"WebPage","@id":"https:\/\/fullspa.pt\/mariana\/","url":"https:\/\/fullspa.pt\/mariana\/","name":"Massagista Mariana | Full Spa - Massagem Sensual Erotica e Relax","isPartOf":{"@id":"https:\/\/fullspa.pt\/#website"},"datePublished":"2021-07-31T22:09:07+00:00","dateModified":"2026-03-24T19:55:23+00:00","description":"Venha experimentar uma massagem erotica, sensual, t\u00e2ntrica com a Mariana e descobrir novas sensa\u00e7\u00f5es no Full SPA em Alges-Miraflores-Lisboa","breadcrumb":{"@id":"https:\/\/fullspa.pt\/mariana\/#breadcrumb"},"inLanguage":"en-US","potentialAction":[{"@type":"ReadAction","target":["https:\/\/fullspa.pt\/mariana\/"]}]},{"@type":"BreadcrumbList","@id":"https:\/\/fullspa.pt\/mariana\/#breadcrumb","itemListElement":[{"@type":"ListItem","position":1,"name":"Home","item":"https:\/\/fullspa.pt\/"},{"@type":"ListItem","position":2,"name":"Therapist Mariana"}]},{"@type":"WebSite","@id":"https:\/\/fullspa.pt\/#website","url":"https:\/\/fullspa.pt\/","name":"Full Spa - Massage Center","description":"Massage Center for Men, Women and Couples","potentialAction":[{"@type":"SearchAction","target":{"@type":"EntryPoint","urlTemplate":"https:\/\/fullspa.pt\/?s={search_term_string}"},"query-input":{"@type":"PropertyValueSpecification","valueRequired":true,"valueName":"search_term_string"}}],"inLanguage":"en-US"}]}},"_links":{"self":[{"href":"https:\/\/fullspa.pt\/en\/wp-json\/wp\/v2\/pages\/3797","targetHints":{"allow":["GET"]}}],"collection":[{"href":"https:\/\/fullspa.pt\/en\/wp-json\/wp\/v2\/pages"}],"about":[{"href":"https:\/\/fullspa.pt\/en\/wp-json\/wp\/v2\/types\/page"}],"author":[{"embeddable":true,"href":"https:\/\/fullspa.pt\/en\/wp-json\/wp\/v2\/users\/2"}],"replies":[{"embeddable":true,"href":"https:\/\/fullspa.pt\/en\/wp-json\/wp\/v2\/comments?post=3797"}],"version-history":[{"count":5,"href":"https:\/\/fullspa.pt\/en\/wp-json\/wp\/v2\/pages\/3797\/revisions"}],"predecessor-version":[{"id":6147,"href":"https:\/\/fullspa.pt\/en\/wp-json\/wp\/v2\/pages\/3797\/revisions\/6147"}],"wp:attachment":[{"href":"https:\/\/fullspa.pt\/en\/wp-json\/wp\/v2\/media?parent=3797"}],"curies":[{"name":"wp","href":"https:\/\/api.w.org\/{rel}","templated":true}]}}