{"id":39,"date":"2018-11-17T20:57:44","date_gmt":"2018-11-17T20:57:44","guid":{"rendered":"http:\/\/wayangcenter.makeitdigital.pt\/?page_id=39"},"modified":"2026-03-24T16:53:02","modified_gmt":"2026-03-24T16:53:02","slug":"bem-vindos","status":"publish","type":"page","link":"https:\/\/fullspa.pt\/en\/","title":{"rendered":"Welcome"},"content":{"rendered":"<div class=\"wpb-content-wrapper\">[vc_row][vc_column][mk_revslider id=&#8221;home_1_bkp_en&#8221;][\/vc_column][\/vc_row][vc_row fullwidth=&#8221;true&#8221; fullwidth_content=&#8221;false&#8221; el_class=&#8221;container_mobile&#8221;][vc_column el_class=&#8221;email_container&#8221; css=&#8221;.vc_custom_1557137736460{padding-right: 20px !important;padding-left: 20px !important;}&#8221;][vc_raw_html]JTNDZGl2JTIwY2xhc3MlM0QlMjd0aXRsZV9mb3JtX3NsaWRlciUyNyUzRVNwZWNpYWwlMjBQcm9tb3Rpb24lM0MlMkZkaXYlM0UlM0NiciUzRSUwQSUzQ2RpdiUyMGNsYXNzJTNEJTI3dm91Y2hlcl9mb3JtX3NsaWRlciUyNyUzRTE1JUUyJTgyJUFDJTIwVm91Y2hlciUzQyUyRmRpdiUzRQ==[\/vc_raw_html][dhvc_form id=&#8221;1763&#8243;][\/vc_column][\/vc_row][vc_row fullwidth=&#8221;true&#8221; fullwidth_content=&#8221;false&#8221; css=&#8221;.vc_custom_1554459220674{background-color: #3f888f !important;}&#8221;][vc_column][vc_empty_space height=&#8221;60px&#8221;][vc_row_inner][vc_column_inner css=&#8221;.vc_custom_1547944812846{padding-right: 10% !important;padding-left: 10% !important;}&#8221;][mk_fancy_title color=&#8221;#ffffff&#8221; size=&#8221;42&#8243; line_height=&#8221;177&#8243; font_weight=&#8221;400&#8243; margin_bottom=&#8221;0&#8243; font_family=&#8221;none&#8221; align=&#8221;center&#8221; animation=&#8221;right-to-left&#8221; drop_shadow=&#8221;true&#8221; shadow_color=&#8221;#ffffff&#8221;]\n<h1>EROTIC MASSAGE | TANTRIC MASSAGE | RELAX MASSAGE<\/h1>\n[\/mk_fancy_title][mk_fancy_title color=&#8221;#ffffff&#8221; size=&#8221;42&#8243; line_height=&#8221;177&#8243; font_weight=&#8221;400&#8243; margin_bottom=&#8221;0&#8243; font_family=&#8221;none&#8221; align=&#8221;center&#8221; animation=&#8221;right-to-left&#8221; drop_shadow=&#8221;true&#8221; shadow_color=&#8221;#ffffff&#8221;]\n<h2>MASSAGE SPA IN LISBON<\/h2>\n[\/mk_fancy_title][vc_empty_space height=&#8221;20px&#8221;][mk_fancy_title color=&#8221;#ffffff&#8221; size=&#8221;24&#8243; line_height=&#8221;177&#8243; font_weight=&#8221;400&#8243; margin_bottom=&#8221;0&#8243; font_family=&#8221;none&#8221; align=&#8221;center&#8221; animation=&#8221;right-to-left&#8221;]Full Spa is a SPA and Massage Center for men, women, and couples<\/p>\n<p>It is a space of unique experiences, traveling through a world of exotism and fantasy where our guest abandons the reality and is carried by the magic and luxury of an erotic and sensual world.[\/mk_fancy_title][\/vc_column_inner][\/vc_row_inner][\/vc_column][\/vc_row][vc_row fullwidth=&#8221;true&#8221; fullwidth_content=&#8221;false&#8221; css=&#8221;.vc_custom_1554459278399{background-color: #3f888f !important;}&#8221;][vc_column][vc_empty_space height=&#8221;30px&#8221;][mk_button dimension=&#8221;outline&#8221; corner_style=&#8221;full_rounded&#8221; size=&#8221;large&#8221; letter_spacing=&#8221;4&#8243; url=&#8221;\/massagens\/&#8221; align=&#8221;center&#8221; button_custom_width=&#8221;553&#8243; margin_bottom=&#8221;0&#8243; margin_right=&#8221;0&#8243; animation=&#8221;bottom-to-top&#8221; el_class=&#8221;hide&#8221; outline_skin=&#8221;custom&#8221; outline_active_color=&#8221;#ffffff&#8221; outline_active_text_color=&#8221;#ffffff&#8221; outline_hover_bg_color=&#8221;#ffffff&#8221; outline_hover_color=&#8221;#000000&#8243;]SEE OUR MASSAGES[\/mk_button][vc_empty_space height=&#8221;30px&#8221;][\/vc_column][\/vc_row][vc_row fullwidth=&#8221;true&#8221; css=&#8221;.vc_custom_1554459214268{background-color: #3f888f !important;}&#8221;][vc_column][vc_empty_space height=&#8221;15px&#8221;][mk_fullwidth_slideshow padding=&#8221;0&#8243; images=&#8221;2365,2364,2363,2362,2361,2360&#8243; stretch_images=&#8221;true&#8221; effect=&#8221;slide&#8221;][\/vc_column][\/vc_row][vc_row fullwidth=&#8221;true&#8221; fullwidth_content=&#8221;false&#8221; css=&#8221;.vc_custom_1554459948263{background-color: #3f888f !important;}&#8221;][vc_column][vc_empty_space height=&#8221;30px&#8221;][vc_empty_space height=&#8221;10px&#8221;][mk_fancy_title color=&#8221;#ffffff&#8221; size=&#8221;24&#8243; line_height=&#8221;170&#8243; font_weight=&#8221;400&#8243; margin_bottom=&#8221;0&#8243; font_family=&#8221;none&#8221; align=&#8221;center&#8221; animation=&#8221;fade-in&#8221;]In this space, equipped with fabulous rooms, our treatments are provided in tatamis, massage tables, and balinese pools with the desire to provide moments of extreme sensuality and deep relaxation.[\/mk_fancy_title][vc_empty_space height=&#8221;70px&#8221;][mk_button dimension=&#8221;outline&#8221; corner_style=&#8221;full_rounded&#8221; size=&#8221;large&#8221; letter_spacing=&#8221;4&#8243; url=&#8221;\/massagens\/&#8221; align=&#8221;center&#8221; button_custom_width=&#8221;553&#8243; margin_bottom=&#8221;0&#8243; margin_right=&#8221;0&#8243; outline_skin=&#8221;custom&#8221; outline_active_color=&#8221;#ffffff&#8221; outline_active_text_color=&#8221;#ffffff&#8221; outline_hover_bg_color=&#8221;#ffffff&#8221; outline_hover_color=&#8221;#000000&#8243;]SEE OUR MASSAGES[\/mk_button][vc_empty_space height=&#8221;65px&#8221;][mk_fancy_title color=&#8221;#ffffff&#8221; size=&#8221;26&#8243; font_weight=&#8221;300&#8243; letter_spacing=&#8221;3&#8243; margin_bottom=&#8221;0&#8243; font_family=&#8221;none&#8221; align=&#8221;center&#8221; animation=&#8221;fade-in&#8221;]\n<p style=\"text-align: center; color: #fff;\">\u00a0Reservations and Information:<\/p>\n<p style=\"text-align: center;\"><strong><a href=\"tel:+351214100763\">(+351) 214 100 763*<\/a><\/strong><a href=\"tel:+351214100763\"> <img decoding=\"async\" class=\"wp-image-2979 alignnone size-medium\" src=\"https:\/\/fullspa.pt\/wp-content\/uploads\/2023\/01\/whatsapp_logo_png.png\" alt=\"\" width=\"22\" height=\"22\" \/><\/a><\/p>\n[\/mk_fancy_title][vc_empty_space height=&#8221;45px&#8221;][vc_raw_html css=&#8221;&#8221;]JTVCdHJ1c3RpbmRleCUyMG5vLXJlZ2lzdHJhdGlvbiUzRGdvb2dsZSU1RA==[\/vc_raw_html][vc_empty_space height=&#8221;45px&#8221;][vc_raw_html]JTNDc3R5bGUlM0UlMEEuZW1haWxfY29udGFpbmVyJTdCJTBBZGlzcGxheSUzQW5vbmUlMjAlMjFpbXBvcnRhbnQlM0IlMEElN0QlMEElM0MlMkZzdHlsZSUzRQ==[\/vc_raw_html][vc_column_text css=&#8221;.vc_custom_1673449736705{margin-top: 15px !important;margin-bottom: 0px !important;}&#8221;]\n<p style=\"text-align: center; color: #fff;\">*(Call to nacional fixed network)<\/p>\n[\/vc_column_text][\/vc_column][\/vc_row][vc_row css=&#8221;.vc_custom_1544290993630{margin-top: 0px !important;}&#8221;][vc_column][\/vc_column][\/vc_row][vc_row][vc_column][\/vc_column][\/vc_row]\n<\/div>","protected":false},"excerpt":{"rendered":"<p>[vc_row][vc_column][mk_revslider id=&#8221;home_1_bkp_en&#8221;][\/vc_column][\/vc_row][vc_row fullwidth=&#8221;true&#8221; fullwidth_content=&#8221;false&#8221; el_class=&#8221;container_mobile&#8221;][vc_column el_class=&#8221;email_container&#8221; css=&#8221;.vc_custom_1557137736460{padding-right: 20px !important;padding-left: 20px !important;}&#8221;][vc_raw_html]JTNDZGl2JTIwY2xhc3MlM0QlMjd0aXRsZV9mb3JtX3NsaWRlciUyNyUzRVNwZWNpYWwlMjBQcm9tb3Rpb24lM0MlMkZkaXYlM0UlM0NiciUzRSUwQSUzQ2RpdiUyMGNsYXNzJTNEJTI3dm91Y2hlcl9mb3JtX3NsaWRlciUyNyUzRTE1JUUyJTgyJUFDJTIwVm91Y2hlciUzQyUyRmRpdiUzRQ==[\/vc_raw_html][dhvc_form id=&#8221;1763&#8243;][\/vc_column][\/vc_row][vc_row fullwidth=&#8221;true&#8221; fullwidth_content=&#8221;false&#8221; css=&#8221;.vc_custom_1554459220674{background-color: #3f888f !important;}&#8221;][vc_column][vc_empty_space height=&#8221;60px&#8221;][vc_row_inner][vc_column_inner css=&#8221;.vc_custom_1547944812846{padding-right: 10% !important;padding-left: 10% !important;}&#8221;][mk_fancy_title color=&#8221;#ffffff&#8221; size=&#8221;42&#8243; line_height=&#8221;177&#8243; font_weight=&#8221;400&#8243; margin_bottom=&#8221;0&#8243; font_family=&#8221;none&#8221; align=&#8221;center&#8221; animation=&#8221;right-to-left&#8221; drop_shadow=&#8221;true&#8221; shadow_color=&#8221;#ffffff&#8221;] EROTIC MASSAGE | TANTRIC MASSAGE | RELAX MASSAGE [\/mk_fancy_title][mk_fancy_title color=&#8221;#ffffff&#8221; size=&#8221;42&#8243; line_height=&#8221;177&#8243; font_weight=&#8221;400&#8243; margin_bottom=&#8221;0&#8243; font_family=&#8221;none&#8221; align=&#8221;center&#8221; animation=&#8221;right-to-left&#8221; drop_shadow=&#8221;true&#8221; shadow_color=&#8221;#ffffff&#8221;] MASSAGE SPA IN [&hellip;]<\/p>\n","protected":false},"author":2,"featured_media":0,"parent":0,"menu_order":0,"comment_status":"closed","ping_status":"closed","template":"","meta":{"_acf_changed":false,"rs_blank_template":"","rs_page_bg_color":"","slide_template_v7":"","inline_featured_image":false,"iawp_total_views":19360,"footnotes":""},"class_list":["post-39","page","type-page","status-publish","hentry"],"acf":[],"yoast_head":"<!-- This site is optimized with the Yoast SEO plugin v27.4 - https:\/\/yoast.com\/product\/yoast-seo-wordpress\/ -->\n<title>Massagem Er\u00f3tica, Sensual e Tantrica | Full SPA<\/title>\n<meta name=\"description\" content=\"SPA de massagens dedicado \u00e0 massagem sensual, massagem t\u00e2ntrica e massagem erotica situado em Miraflores Alges perto de Lisboa\" \/>\n<meta name=\"robots\" content=\"index, follow, max-snippet:-1, max-image-preview:large, max-video-preview:-1\" \/>\n<link rel=\"canonical\" href=\"https:\/\/fullspa.pt\" \/>\n<meta property=\"og:locale\" content=\"en_US\" \/>\n<meta property=\"og:type\" content=\"article\" \/>\n<meta property=\"og:title\" content=\"Massagem Er\u00f3tica, Sensual e Tantrica | Full SPA\" \/>\n<meta property=\"og:description\" content=\"SPA de massagens dedicado \u00e0 massagem sensual, massagem t\u00e2ntrica e massagem erotica situado em Miraflores Alges perto de Lisboa\" \/>\n<meta property=\"og:url\" content=\"https:\/\/fullspa.pt\" \/>\n<meta property=\"og:site_name\" content=\"Full Spa - Massage Center\" \/>\n<meta property=\"article:modified_time\" content=\"2026-03-24T16:53:02+00:00\" \/>\n<meta property=\"og:image\" content=\"https:\/\/fullspa.pt\/wp-content\/uploads\/2023\/01\/whatsapp_logo_png.png\" \/>\n<meta name=\"twitter:card\" content=\"summary_large_image\" \/>\n<meta name=\"twitter:label1\" content=\"Est. reading time\" \/>\n\t<meta name=\"twitter:data1\" content=\"3 minutes\" \/>\n<script type=\"application\/ld+json\" class=\"yoast-schema-graph\">{\"@context\":\"https:\\\/\\\/schema.org\",\"@graph\":[{\"@type\":\"WebPage\",\"@id\":\"https:\\\/\\\/fullspa.pt\\\/\",\"url\":\"https:\\\/\\\/fullspa.pt\",\"name\":\"Massagem Er\u00f3tica, Sensual e Tantrica | Full SPA\",\"isPartOf\":{\"@id\":\"https:\\\/\\\/fullspa.pt\\\/#website\"},\"primaryImageOfPage\":{\"@id\":\"https:\\\/\\\/fullspa.pt#primaryimage\"},\"image\":{\"@id\":\"https:\\\/\\\/fullspa.pt#primaryimage\"},\"thumbnailUrl\":\"https:\\\/\\\/fullspa.pt\\\/wp-content\\\/uploads\\\/2023\\\/01\\\/whatsapp_logo_png.png\",\"datePublished\":\"2018-11-17T20:57:44+00:00\",\"dateModified\":\"2026-03-24T16:53:02+00:00\",\"description\":\"SPA de massagens dedicado \u00e0 massagem sensual, massagem t\u00e2ntrica e massagem erotica situado em Miraflores Alges perto de Lisboa\",\"breadcrumb\":{\"@id\":\"https:\\\/\\\/fullspa.pt#breadcrumb\"},\"inLanguage\":\"en-US\",\"potentialAction\":[{\"@type\":\"ReadAction\",\"target\":[\"https:\\\/\\\/fullspa.pt\"]}]},{\"@type\":\"ImageObject\",\"inLanguage\":\"en-US\",\"@id\":\"https:\\\/\\\/fullspa.pt#primaryimage\",\"url\":\"https:\\\/\\\/fullspa.pt\\\/wp-content\\\/uploads\\\/2023\\\/01\\\/whatsapp_logo_png.png\",\"contentUrl\":\"https:\\\/\\\/fullspa.pt\\\/wp-content\\\/uploads\\\/2023\\\/01\\\/whatsapp_logo_png.png\"},{\"@type\":\"BreadcrumbList\",\"@id\":\"https:\\\/\\\/fullspa.pt#breadcrumb\",\"itemListElement\":[{\"@type\":\"ListItem\",\"position\":1,\"name\":\"Home\",\"item\":\"https:\\\/\\\/fullspa.pt\\\/\"},{\"@type\":\"ListItem\",\"position\":2,\"name\":\"Bem-vindos\"}]},{\"@type\":\"WebSite\",\"@id\":\"https:\\\/\\\/fullspa.pt\\\/#website\",\"url\":\"https:\\\/\\\/fullspa.pt\\\/\",\"name\":\"Full Spa - Massage Center\",\"description\":\"Massage Center for Men, Women and Couples\",\"potentialAction\":[{\"@type\":\"SearchAction\",\"target\":{\"@type\":\"EntryPoint\",\"urlTemplate\":\"https:\\\/\\\/fullspa.pt\\\/?s={search_term_string}\"},\"query-input\":{\"@type\":\"PropertyValueSpecification\",\"valueRequired\":true,\"valueName\":\"search_term_string\"}}],\"inLanguage\":\"en-US\"}]}<\/script>\n<!-- \/ Yoast SEO plugin. -->","yoast_head_json":{"title":"Massagem Er\u00f3tica, Sensual e Tantrica | Full SPA","description":"SPA de massagens dedicado \u00e0 massagem sensual, massagem t\u00e2ntrica e massagem erotica situado em Miraflores Alges perto de Lisboa","robots":{"index":"index","follow":"follow","max-snippet":"max-snippet:-1","max-image-preview":"max-image-preview:large","max-video-preview":"max-video-preview:-1"},"canonical":"https:\/\/fullspa.pt","og_locale":"en_US","og_type":"article","og_title":"Massagem Er\u00f3tica, Sensual e Tantrica | Full SPA","og_description":"SPA de massagens dedicado \u00e0 massagem sensual, massagem t\u00e2ntrica e massagem erotica situado em Miraflores Alges perto de Lisboa","og_url":"https:\/\/fullspa.pt","og_site_name":"Full Spa - Massage Center","article_modified_time":"2026-03-24T16:53:02+00:00","og_image":[{"url":"https:\/\/fullspa.pt\/wp-content\/uploads\/2023\/01\/whatsapp_logo_png.png","type":"","width":"","height":""}],"twitter_card":"summary_large_image","twitter_misc":{"Est. reading time":"3 minutes"},"schema":{"@context":"https:\/\/schema.org","@graph":[{"@type":"WebPage","@id":"https:\/\/fullspa.pt\/","url":"https:\/\/fullspa.pt","name":"Massagem Er\u00f3tica, Sensual e Tantrica | Full SPA","isPartOf":{"@id":"https:\/\/fullspa.pt\/#website"},"primaryImageOfPage":{"@id":"https:\/\/fullspa.pt#primaryimage"},"image":{"@id":"https:\/\/fullspa.pt#primaryimage"},"thumbnailUrl":"https:\/\/fullspa.pt\/wp-content\/uploads\/2023\/01\/whatsapp_logo_png.png","datePublished":"2018-11-17T20:57:44+00:00","dateModified":"2026-03-24T16:53:02+00:00","description":"SPA de massagens dedicado \u00e0 massagem sensual, massagem t\u00e2ntrica e massagem erotica situado em Miraflores Alges perto de Lisboa","breadcrumb":{"@id":"https:\/\/fullspa.pt#breadcrumb"},"inLanguage":"en-US","potentialAction":[{"@type":"ReadAction","target":["https:\/\/fullspa.pt"]}]},{"@type":"ImageObject","inLanguage":"en-US","@id":"https:\/\/fullspa.pt#primaryimage","url":"https:\/\/fullspa.pt\/wp-content\/uploads\/2023\/01\/whatsapp_logo_png.png","contentUrl":"https:\/\/fullspa.pt\/wp-content\/uploads\/2023\/01\/whatsapp_logo_png.png"},{"@type":"BreadcrumbList","@id":"https:\/\/fullspa.pt#breadcrumb","itemListElement":[{"@type":"ListItem","position":1,"name":"Home","item":"https:\/\/fullspa.pt\/"},{"@type":"ListItem","position":2,"name":"Bem-vindos"}]},{"@type":"WebSite","@id":"https:\/\/fullspa.pt\/#website","url":"https:\/\/fullspa.pt\/","name":"Full Spa - Massage Center","description":"Massage Center for Men, Women and Couples","potentialAction":[{"@type":"SearchAction","target":{"@type":"EntryPoint","urlTemplate":"https:\/\/fullspa.pt\/?s={search_term_string}"},"query-input":{"@type":"PropertyValueSpecification","valueRequired":true,"valueName":"search_term_string"}}],"inLanguage":"en-US"}]}},"_links":{"self":[{"href":"https:\/\/fullspa.pt\/en\/wp-json\/wp\/v2\/pages\/39","targetHints":{"allow":["GET"]}}],"collection":[{"href":"https:\/\/fullspa.pt\/en\/wp-json\/wp\/v2\/pages"}],"about":[{"href":"https:\/\/fullspa.pt\/en\/wp-json\/wp\/v2\/types\/page"}],"author":[{"embeddable":true,"href":"https:\/\/fullspa.pt\/en\/wp-json\/wp\/v2\/users\/2"}],"replies":[{"embeddable":true,"href":"https:\/\/fullspa.pt\/en\/wp-json\/wp\/v2\/comments?post=39"}],"version-history":[{"count":5,"href":"https:\/\/fullspa.pt\/en\/wp-json\/wp\/v2\/pages\/39\/revisions"}],"predecessor-version":[{"id":6036,"href":"https:\/\/fullspa.pt\/en\/wp-json\/wp\/v2\/pages\/39\/revisions\/6036"}],"wp:attachment":[{"href":"https:\/\/fullspa.pt\/en\/wp-json\/wp\/v2\/media?parent=39"}],"curies":[{"name":"wp","href":"https:\/\/api.w.org\/{rel}","templated":true}]}}