{"id":4104,"date":"2022-05-27T11:49:51","date_gmt":"2022-05-27T11:49:51","guid":{"rendered":"https:\/\/www.fullspa.pt\/?page_id=4104"},"modified":"2026-03-24T18:59:57","modified_gmt":"2026-03-24T18:59:57","slug":"massagistash","status":"publish","type":"page","link":"https:\/\/fullspa.pt\/en\/massagistash\/","title":{"rendered":"Therapists Male"},"content":{"rendered":"<div class=\"wpb-content-wrapper\">[vc_row][vc_column][\/vc_column][\/vc_row][vc_row][vc_column][vc_empty_space height=&#8221;30px&#8221;][vc_column_text margin_bottom=&#8221;0&#8243; css=&#8221;.vc_custom_1774378795243{margin-bottom: 0px !important;}&#8221;]\n<h1 style=\"text-align: center;\"><strong>MALE THERAPISTS<\/strong><\/h1>\n[\/vc_column_text][vc_column_text css=&#8221;.vc_custom_1695900101003{margin-bottom: 0px !important;}&#8221;]\n<p style=\"text-align: center;\"><em>(Our male therapists are only available for massages of 1 hour or more)<\/em><\/p>\n[\/vc_column_text][vc_column_text css=&#8221;.vc_custom_1697975317589{margin-bottom: 0px !important;}&#8221;]<!-- Final Tiles Grid Gallery for WordPress v3.6.13 free --><style>#ftg-2020 .tile .icon { color:#ffffff; }#ftg-2020 .ftg-items .loading-bar i { background:#3f888f; }#ftg-2020 .ftg-items .loading-bar { background:#3f888f; }#ftg-2020 .tile .icon { font-size:50px; }#ftg-2020 .tile .icon { margin: -25px 0 0 -25px; }#ftg-2020 .tile .caption-block .text-wrapper span.text { font-size:20px; }#ftg-2020 .tile .caption-outside .text-wrapper span.text { font-size:20px; }#ftg-2020 .tile .caption-block .text-wrapper span.title { font-size:20px; }#ftg-2020 .tile .caption-outside .text-wrapper span.title { font-size:20px; }#ftg-2020 .tile { background-color: #000000; }#ftg-2020 .tile .caption-block .text-wrapper span.text { color: #ffffff; }#ftg-2020 .tile .caption-block .text-wrapper span.title { color: #ffffff; }#ftg-2020 .tile .caption-outside .text-wrapper span.text { color: #ffffff; }#ftg-2020 .tile .caption-outside .text-wrapper span.title { color: #ffffff; }#ftg-2020 .tile .ftg-social a { color: #ffffff; }#ftg-2020 .tile .caption-block { transition-timing-function:ease; }#ftg-2020 .tile .caption-block { transition-duration:0.25s; }#ftg-2020 .tile .tile-inner:before { background-color: #000000; }#ftg-2020 .tile .tile-inner:before { background-color: rgba(0, 0, 0, 0.3); }#ftg-2020 .tile:hover img {-moz-transform: -moz-rotate(0deg) -moz-scale(0) ;-webkit-transform: -webkit-rotate(0deg) -webkit-scale(0) ;-o-transform: -o-rotate(0deg) -o-scale(0) ;-ms-transform: -ms-rotate(0deg) -ms-scale(0) ;transform: rotate(0deg) scale(0) ;}<\/style><a name=\"20\"><\/a><div class=\"final-tiles-gallery  ftg-hover-enabled caption-inside  caption-none caption-bottom caption-center\" id=\"ftg-2020\" style=\"width: 100%\"><div class='ftg-items'><div class='loading-bar'><i><\/i><\/div><div  class='tile ftg-preload  '><a title=\"Bruno\" data-lightbox='ftg-2020' rel='ftg-2020' target='_blank' class=' tile-inner  ftg-lightbox' href='https:\/\/fullspa.pt\/wp-content\/uploads\/2025\/10\/9u9a0422.jpg' ><img alt='Homem musculado, de camisa branca aberta, abotoando a manga, em um jardim ao ar livre.' class='item skip-lazy' data-class='item' data-ftg-source='https:\/\/fullspa.pt\/wp-content\/uploads\/2025\/10\/9u9a0422.jpg' src='https:\/\/fullspa.pt\/wp-content\/uploads\/2025\/10\/9u9a0422.jpg' width='1000' height='714' \/><span class='icon fa fa-search-plus'><\/span><div class='caption-block'><div class='text-wrapper'><span class='title'>Bruno<\/span><\/div><\/div><\/a><div class='ftg-social'><\/div><\/div><div  class='tile ftg-preload  '><a title=\"Vitor\" data-lightbox='ftg-2020' rel='ftg-2020' target='_blank' class=' tile-inner  ftg-lightbox' href='https:\/\/fullspa.pt\/wp-content\/uploads\/2025\/02\/0s8a4859.jpg' ><img alt='Homem de terno azul e \u00f3culos ao lado de um jardim no exterior do Full Spa em Lisboa.' class='item skip-lazy' data-class='item' data-ftg-source='https:\/\/fullspa.pt\/wp-content\/uploads\/2025\/02\/0s8a4859.jpg' src='https:\/\/fullspa.pt\/wp-content\/uploads\/2025\/02\/0s8a4859.jpg' width='667' height='1000' \/><span class='icon fa fa-search-plus'><\/span><div class='caption-block'><div class='text-wrapper'><span class='title'>Vitor<\/span><\/div><\/div><\/a><div class='ftg-social'><\/div><\/div><div  class='tile ftg-preload  '><a title=\"Vitor\" data-lightbox='ftg-2020' rel='ftg-2020' target='_blank' class=' tile-inner  ftg-lightbox' href='https:\/\/fullspa.pt\/wp-content\/uploads\/2025\/02\/0s8a4783.jpg' ><img alt='Homem de terno azul, \u00f3culos e gravata, em p\u00e9 numa rua de paralelep\u00edpedos.' class='item skip-lazy' data-class='item' data-ftg-source='https:\/\/fullspa.pt\/wp-content\/uploads\/2025\/02\/0s8a4783.jpg' src='https:\/\/fullspa.pt\/wp-content\/uploads\/2025\/02\/0s8a4783.jpg' width='667' height='1000' \/><span class='icon fa fa-search-plus'><\/span><div class='caption-block'><div class='text-wrapper'><span class='title'>Vitor<\/span><\/div><\/div><\/a><div class='ftg-social'><\/div><\/div><div  class='tile ftg-preload  '><a title=\"Bruno\" data-lightbox='ftg-2020' rel='ftg-2020' target='_blank' class=' tile-inner  ftg-lightbox' href='https:\/\/fullspa.pt\/wp-content\/uploads\/2025\/10\/9u9a0475.jpg' ><img alt='Homem calvo com camisa branca e jeans, ao ar livre, em pose relaxada.' class='item skip-lazy' data-class='item' data-ftg-source='https:\/\/fullspa.pt\/wp-content\/uploads\/2025\/10\/9u9a0475.jpg' src='https:\/\/fullspa.pt\/wp-content\/uploads\/2025\/10\/9u9a0475.jpg' width='667' height='1000' \/><span class='icon fa fa-search-plus'><\/span><div class='caption-block'><div class='text-wrapper'><span class='title'>Bruno<\/span><\/div><\/div><\/a><div class='ftg-social'><\/div><\/div><div  class='tile ftg-preload  '><a title=\"Bruno\" data-lightbox='ftg-2020' rel='ftg-2020' target='_blank' class=' tile-inner  ftg-lightbox' href='https:\/\/fullspa.pt\/wp-content\/uploads\/2025\/10\/9u9a3170.jpg' ><img alt='Homem musculado e sem camisa, com sunga preta, ao lado de corrim\u00e3o junto ao mar com ondas.' class='item skip-lazy' data-class='item' data-ftg-source='https:\/\/fullspa.pt\/wp-content\/uploads\/2025\/10\/9u9a3170.jpg' src='https:\/\/fullspa.pt\/wp-content\/uploads\/2025\/10\/9u9a3170.jpg' width='1000' height='714' \/><span class='icon fa fa-search-plus'><\/span><div class='caption-block'><div class='text-wrapper'><span class='title'>Bruno<\/span><\/div><\/div><\/a><div class='ftg-social'><\/div><\/div><div  class='tile ftg-preload  '><a title=\"Frank\" data-lightbox='ftg-2020' rel='ftg-2020' target='_blank' class=' tile-inner  ftg-lightbox' href='https:\/\/fullspa.pt\/wp-content\/uploads\/2023\/10\/9u9a8114.jpg' ><img alt='Homem musculado e sem camisa na praia com toalha azul no ombro.' class='item skip-lazy' data-class='item' data-ftg-source='https:\/\/fullspa.pt\/wp-content\/uploads\/2023\/10\/9u9a8114.jpg' src='https:\/\/fullspa.pt\/wp-content\/uploads\/2023\/10\/9u9a8114.jpg' width='667' height='1000' \/><span class='icon fa fa-search-plus'><\/span><div class='caption-block'><div class='text-wrapper'><span class='title'>Frank<\/span><\/div><\/div><\/a><div class='ftg-social'><\/div><\/div><div  class='tile ftg-preload  '><a title=\"Frank\" data-lightbox='ftg-2020' rel='ftg-2020' target='_blank' class=' tile-inner  ftg-lightbox' href='https:\/\/fullspa.pt\/wp-content\/uploads\/2023\/10\/9u9a7872.jpg' ><img alt='Homem sem camisa e com camisa azul, sentado na areia junto ao mar.' class='item skip-lazy' data-class='item' data-ftg-source='https:\/\/fullspa.pt\/wp-content\/uploads\/2023\/10\/9u9a7872.jpg' src='https:\/\/fullspa.pt\/wp-content\/uploads\/2023\/10\/9u9a7872.jpg' width='667' height='1000' \/><span class='icon fa fa-search-plus'><\/span><div class='caption-block'><div class='text-wrapper'><span class='title'>Frank<\/span><\/div><\/div><\/a><div class='ftg-social'><\/div><\/div><div  class='tile ftg-preload  '><a title=\"Vitor\" data-lightbox='ftg-2020' rel='ftg-2020' target='_blank' class=' tile-inner  ftg-lightbox' href='https:\/\/fullspa.pt\/wp-content\/uploads\/2025\/02\/0s8a4794.jpg' ><img alt='Homem de terno azul sentado em banco de madeira em zona urbana.' class='item skip-lazy' data-class='item' data-ftg-source='https:\/\/fullspa.pt\/wp-content\/uploads\/2025\/02\/0s8a4794.jpg' src='https:\/\/fullspa.pt\/wp-content\/uploads\/2025\/02\/0s8a4794.jpg' width='667' height='1000' \/><span class='icon fa fa-search-plus'><\/span><div class='caption-block'><div class='text-wrapper'><span class='title'>Vitor<\/span><\/div><\/div><\/a><div class='ftg-social'><\/div><\/div><\/div><\/div>[\/vc_column_text][\/vc_column][\/vc_row][vc_row fullwidth=&#8221;true&#8221; fullwidth_content=&#8221;false&#8221; css=&#8221;.vc_custom_1554459948263{background-color: #3f888f !important;}&#8221;][vc_column][vc_empty_space height=&#8221;30px&#8221;][vc_empty_space height=&#8221;70px&#8221;][mk_button dimension=&#8221;outline&#8221; corner_style=&#8221;full_rounded&#8221; size=&#8221;large&#8221; letter_spacing=&#8221;4&#8243; url=&#8221;\/massagistas&#8221; align=&#8221;center&#8221; button_custom_width=&#8221;553&#8243; margin_bottom=&#8221;0&#8243; margin_right=&#8221;0&#8243; outline_skin=&#8221;custom&#8221; outline_active_color=&#8221;#ffffff&#8221; outline_active_text_color=&#8221;#ffffff&#8221; outline_hover_bg_color=&#8221;#ffffff&#8221; outline_hover_color=&#8221;#000000&#8243;]SEE OUR FEMALE THERAPISTS [\/mk_button][vc_empty_space height=&#8221;65px&#8221;][mk_fancy_title color=&#8221;#ffffff&#8221; size=&#8221;26&#8243; font_weight=&#8221;300&#8243; letter_spacing=&#8221;3&#8243; margin_bottom=&#8221;0&#8243; font_family=&#8221;none&#8221; align=&#8221;center&#8221; animation=&#8221;fade-in&#8221;]\n<p style=\"text-align: center; color: #fff;\">\u00a0Reservations and Information:<\/p>\n<p style=\"text-align: center;\"><strong><a href=\"tel:+351214100763\">(+351) 214 100 763*<\/a><\/strong><a href=\"tel:+351214100763\"> <img decoding=\"async\" class=\"wp-image-2979 alignnone size-medium\" src=\"https:\/\/fullspa.pt\/wp-content\/uploads\/2023\/01\/whatsapp_logo_png.png\" alt=\"\" width=\"22\" height=\"22\" \/><\/a><\/p>\n[\/mk_fancy_title][vc_empty_space height=&#8221;45px&#8221;][vc_column_text css=&#8221;.vc_custom_1673452793033{margin-bottom: 0px !important;}&#8221;]\n<p style=\"text-align: center; color: #fff;\">*(Call to nacional fixed network)<\/p>\n[\/vc_column_text][\/vc_column][\/vc_row][vc_row][vc_column][vc_column_text]\n[\/vc_column_text][\/vc_column][\/vc_row]\n<\/div>","protected":false},"excerpt":{"rendered":"<p>[vc_row][vc_column][\/vc_column][\/vc_row][vc_row][vc_column][vc_empty_space height=&#8221;30px&#8221;][vc_column_text margin_bottom=&#8221;0&#8243; css=&#8221;.vc_custom_1774378795243{margin-bottom: 0px !important;}&#8221;] MALE THERAPISTS [\/vc_column_text][vc_column_text css=&#8221;.vc_custom_1695900101003{margin-bottom: 0px !important;}&#8221;] (Our male therapists are only available for massages of 1 hour or more) [\/vc_column_text][vc_column_text css=&#8221;.vc_custom_1697975317589{margin-bottom: 0px !important;}&#8221;][\/vc_column_text][\/vc_column][\/vc_row][vc_row fullwidth=&#8221;true&#8221; fullwidth_content=&#8221;false&#8221; css=&#8221;.vc_custom_1554459948263{background-color: #3f888f !important;}&#8221;][vc_column][vc_empty_space height=&#8221;30px&#8221;][vc_empty_space height=&#8221;70px&#8221;][mk_button dimension=&#8221;outline&#8221; corner_style=&#8221;full_rounded&#8221; size=&#8221;large&#8221; letter_spacing=&#8221;4&#8243; url=&#8221;\/massagistas&#8221; align=&#8221;center&#8221; button_custom_width=&#8221;553&#8243; margin_bottom=&#8221;0&#8243; margin_right=&#8221;0&#8243; outline_skin=&#8221;custom&#8221; outline_active_color=&#8221;#ffffff&#8221; outline_active_text_color=&#8221;#ffffff&#8221; outline_hover_bg_color=&#8221;#ffffff&#8221; outline_hover_color=&#8221;#000000&#8243;]SEE OUR FEMALE THERAPISTS [\/mk_button][vc_empty_space height=&#8221;65px&#8221;][mk_fancy_title [&hellip;]<\/p>\n","protected":false},"author":2,"featured_media":0,"parent":0,"menu_order":0,"comment_status":"closed","ping_status":"closed","template":"","meta":{"_acf_changed":false,"rs_blank_template":"","rs_page_bg_color":"","slide_template_v7":"","inline_featured_image":false,"iawp_total_views":920,"footnotes":""},"class_list":["post-4104","page","type-page","status-publish","hentry"],"acf":[],"yoast_head":"<!-- This site is optimized with the Yoast SEO plugin v27.4 - https:\/\/yoast.com\/product\/yoast-seo-wordpress\/ -->\n<title>Massagistas Masculinos | Full SPA - Massagem Erotica e Sensual<\/title>\n<meta name=\"description\" content=\"Descubra os nossos massagistas masculinos. Full SPA - Massagem Sensual, Er\u00f3tica e T\u00e2ntrica para Homens, Mulheres ou Casais\" \/>\n<meta name=\"robots\" content=\"index, follow, max-snippet:-1, max-image-preview:large, max-video-preview:-1\" \/>\n<link rel=\"canonical\" href=\"https:\/\/fullspa.pt\/massagistash\/\" \/>\n<meta property=\"og:locale\" content=\"en_US\" \/>\n<meta property=\"og:type\" content=\"article\" \/>\n<meta property=\"og:title\" content=\"Massagistas Masculinos | Full SPA - Massagem Erotica e Sensual\" \/>\n<meta property=\"og:description\" content=\"Descubra os nossos massagistas masculinos. Full SPA - Massagem Sensual, Er\u00f3tica e T\u00e2ntrica para Homens, Mulheres ou Casais\" \/>\n<meta property=\"og:url\" content=\"https:\/\/fullspa.pt\/massagistash\/\" \/>\n<meta property=\"og:site_name\" content=\"Full Spa - Massage Center\" \/>\n<meta property=\"article:modified_time\" content=\"2026-03-24T18:59:57+00:00\" \/>\n<meta property=\"og:image\" content=\"https:\/\/fullspa.pt\/wp-content\/uploads\/2023\/01\/whatsapp_logo_png.png\" \/>\n<meta name=\"twitter:card\" content=\"summary_large_image\" \/>\n<meta name=\"twitter:label1\" content=\"Est. reading time\" \/>\n\t<meta name=\"twitter:data1\" content=\"1 minute\" \/>\n<script type=\"application\/ld+json\" class=\"yoast-schema-graph\">{\"@context\":\"https:\\\/\\\/schema.org\",\"@graph\":[{\"@type\":\"WebPage\",\"@id\":\"https:\\\/\\\/fullspa.pt\\\/massagistash\\\/\",\"url\":\"https:\\\/\\\/fullspa.pt\\\/massagistash\\\/\",\"name\":\"Massagistas Masculinos | Full SPA - Massagem Erotica e Sensual\",\"isPartOf\":{\"@id\":\"https:\\\/\\\/fullspa.pt\\\/#website\"},\"primaryImageOfPage\":{\"@id\":\"https:\\\/\\\/fullspa.pt\\\/massagistash\\\/#primaryimage\"},\"image\":{\"@id\":\"https:\\\/\\\/fullspa.pt\\\/massagistash\\\/#primaryimage\"},\"thumbnailUrl\":\"https:\\\/\\\/fullspa.pt\\\/wp-content\\\/uploads\\\/2023\\\/01\\\/whatsapp_logo_png.png\",\"datePublished\":\"2022-05-27T11:49:51+00:00\",\"dateModified\":\"2026-03-24T18:59:57+00:00\",\"description\":\"Descubra os nossos massagistas masculinos. Full SPA - Massagem Sensual, Er\u00f3tica e T\u00e2ntrica para Homens, Mulheres ou Casais\",\"breadcrumb\":{\"@id\":\"https:\\\/\\\/fullspa.pt\\\/massagistash\\\/#breadcrumb\"},\"inLanguage\":\"en-US\",\"potentialAction\":[{\"@type\":\"ReadAction\",\"target\":[\"https:\\\/\\\/fullspa.pt\\\/massagistash\\\/\"]}]},{\"@type\":\"ImageObject\",\"inLanguage\":\"en-US\",\"@id\":\"https:\\\/\\\/fullspa.pt\\\/massagistash\\\/#primaryimage\",\"url\":\"https:\\\/\\\/fullspa.pt\\\/wp-content\\\/uploads\\\/2023\\\/01\\\/whatsapp_logo_png.png\",\"contentUrl\":\"https:\\\/\\\/fullspa.pt\\\/wp-content\\\/uploads\\\/2023\\\/01\\\/whatsapp_logo_png.png\"},{\"@type\":\"BreadcrumbList\",\"@id\":\"https:\\\/\\\/fullspa.pt\\\/massagistash\\\/#breadcrumb\",\"itemListElement\":[{\"@type\":\"ListItem\",\"position\":1,\"name\":\"Home\",\"item\":\"https:\\\/\\\/fullspa.pt\\\/\"},{\"@type\":\"ListItem\",\"position\":2,\"name\":\"Therapists Male\"}]},{\"@type\":\"WebSite\",\"@id\":\"https:\\\/\\\/fullspa.pt\\\/#website\",\"url\":\"https:\\\/\\\/fullspa.pt\\\/\",\"name\":\"Full Spa - Massage Center\",\"description\":\"Massage Center for Men, Women and Couples\",\"potentialAction\":[{\"@type\":\"SearchAction\",\"target\":{\"@type\":\"EntryPoint\",\"urlTemplate\":\"https:\\\/\\\/fullspa.pt\\\/?s={search_term_string}\"},\"query-input\":{\"@type\":\"PropertyValueSpecification\",\"valueRequired\":true,\"valueName\":\"search_term_string\"}}],\"inLanguage\":\"en-US\"}]}<\/script>\n<!-- \/ Yoast SEO plugin. -->","yoast_head_json":{"title":"Massagistas Masculinos | Full SPA - Massagem Erotica e Sensual","description":"Descubra os nossos massagistas masculinos. Full SPA - Massagem Sensual, Er\u00f3tica e T\u00e2ntrica para Homens, Mulheres ou Casais","robots":{"index":"index","follow":"follow","max-snippet":"max-snippet:-1","max-image-preview":"max-image-preview:large","max-video-preview":"max-video-preview:-1"},"canonical":"https:\/\/fullspa.pt\/massagistash\/","og_locale":"en_US","og_type":"article","og_title":"Massagistas Masculinos | Full SPA - Massagem Erotica e Sensual","og_description":"Descubra os nossos massagistas masculinos. Full SPA - Massagem Sensual, Er\u00f3tica e T\u00e2ntrica para Homens, Mulheres ou Casais","og_url":"https:\/\/fullspa.pt\/massagistash\/","og_site_name":"Full Spa - Massage Center","article_modified_time":"2026-03-24T18:59:57+00:00","og_image":[{"url":"https:\/\/fullspa.pt\/wp-content\/uploads\/2023\/01\/whatsapp_logo_png.png","type":"","width":"","height":""}],"twitter_card":"summary_large_image","twitter_misc":{"Est. reading time":"1 minute"},"schema":{"@context":"https:\/\/schema.org","@graph":[{"@type":"WebPage","@id":"https:\/\/fullspa.pt\/massagistash\/","url":"https:\/\/fullspa.pt\/massagistash\/","name":"Massagistas Masculinos | Full SPA - Massagem Erotica e Sensual","isPartOf":{"@id":"https:\/\/fullspa.pt\/#website"},"primaryImageOfPage":{"@id":"https:\/\/fullspa.pt\/massagistash\/#primaryimage"},"image":{"@id":"https:\/\/fullspa.pt\/massagistash\/#primaryimage"},"thumbnailUrl":"https:\/\/fullspa.pt\/wp-content\/uploads\/2023\/01\/whatsapp_logo_png.png","datePublished":"2022-05-27T11:49:51+00:00","dateModified":"2026-03-24T18:59:57+00:00","description":"Descubra os nossos massagistas masculinos. Full SPA - Massagem Sensual, Er\u00f3tica e T\u00e2ntrica para Homens, Mulheres ou Casais","breadcrumb":{"@id":"https:\/\/fullspa.pt\/massagistash\/#breadcrumb"},"inLanguage":"en-US","potentialAction":[{"@type":"ReadAction","target":["https:\/\/fullspa.pt\/massagistash\/"]}]},{"@type":"ImageObject","inLanguage":"en-US","@id":"https:\/\/fullspa.pt\/massagistash\/#primaryimage","url":"https:\/\/fullspa.pt\/wp-content\/uploads\/2023\/01\/whatsapp_logo_png.png","contentUrl":"https:\/\/fullspa.pt\/wp-content\/uploads\/2023\/01\/whatsapp_logo_png.png"},{"@type":"BreadcrumbList","@id":"https:\/\/fullspa.pt\/massagistash\/#breadcrumb","itemListElement":[{"@type":"ListItem","position":1,"name":"Home","item":"https:\/\/fullspa.pt\/"},{"@type":"ListItem","position":2,"name":"Therapists Male"}]},{"@type":"WebSite","@id":"https:\/\/fullspa.pt\/#website","url":"https:\/\/fullspa.pt\/","name":"Full Spa - Massage Center","description":"Massage Center for Men, Women and Couples","potentialAction":[{"@type":"SearchAction","target":{"@type":"EntryPoint","urlTemplate":"https:\/\/fullspa.pt\/?s={search_term_string}"},"query-input":{"@type":"PropertyValueSpecification","valueRequired":true,"valueName":"search_term_string"}}],"inLanguage":"en-US"}]}},"_links":{"self":[{"href":"https:\/\/fullspa.pt\/en\/wp-json\/wp\/v2\/pages\/4104","targetHints":{"allow":["GET"]}}],"collection":[{"href":"https:\/\/fullspa.pt\/en\/wp-json\/wp\/v2\/pages"}],"about":[{"href":"https:\/\/fullspa.pt\/en\/wp-json\/wp\/v2\/types\/page"}],"author":[{"embeddable":true,"href":"https:\/\/fullspa.pt\/en\/wp-json\/wp\/v2\/users\/2"}],"replies":[{"embeddable":true,"href":"https:\/\/fullspa.pt\/en\/wp-json\/wp\/v2\/comments?post=4104"}],"version-history":[{"count":5,"href":"https:\/\/fullspa.pt\/en\/wp-json\/wp\/v2\/pages\/4104\/revisions"}],"predecessor-version":[{"id":6123,"href":"https:\/\/fullspa.pt\/en\/wp-json\/wp\/v2\/pages\/4104\/revisions\/6123"}],"wp:attachment":[{"href":"https:\/\/fullspa.pt\/en\/wp-json\/wp\/v2\/media?parent=4104"}],"curies":[{"name":"wp","href":"https:\/\/api.w.org\/{rel}","templated":true}]}}