{"id":5998,"date":"2025-12-30T19:02:57","date_gmt":"2025-12-30T19:02:57","guid":{"rendered":"https:\/\/fullspa.pt\/?page_id=5998"},"modified":"2026-03-24T19:57:06","modified_gmt":"2026-03-24T19:57:06","slug":"megan","status":"publish","type":"page","link":"https:\/\/fullspa.pt\/en\/megan\/","title":{"rendered":"Therapist Megan"},"content":{"rendered":"<div class=\"wpb-content-wrapper\">[vc_section full_width=&#8221;stretch_row&#8221; content_placement=&#8221;top&#8221; css=&#8221;.vc_custom_1597097471741{background-position: center !important;background-repeat: no-repeat !important;background-size: cover !important;}&#8221;][vc_row fullwidth=&#8221;true&#8221; css=&#8221;.vc_custom_1557847292590{background-position: center !important;background-repeat: no-repeat !important;background-size: cover !important;}&#8221; id=&#8221;upper_title&#8221;][vc_column][vc_empty_space height=&#8221;50px&#8221;][vc_row_inner css=&#8221;.vc_custom_1597178934591{padding-right: 10% !important;padding-left: 10% !important;}&#8221;][vc_column_inner width=&#8221;1\/6&#8243;][\/vc_column_inner][vc_column_inner el_class=&#8221;box_black&#8221; width=&#8221;2\/3&#8243; css=&#8221;.vc_custom_1597097787959{background-color: rgba(0,0,0,0.57) !important;*background-color: rgb(0,0,0) !important;}&#8221;][mk_fancy_title color=&#8221;#e0bf65&#8243; size=&#8221;40&#8243; line_height=&#8221;100&#8243; font_weight=&#8221;300&#8243; txt_transform=&#8221;uppercase&#8221; letter_spacing=&#8221;0&#8243; margin_top=&#8221;0&#8243; margin_bottom=&#8221;0&#8243; font_family=&#8221;none&#8221; align=&#8221;center&#8221; animation=&#8221;fade-in&#8221;]\n<h1 style=\"text-align: center; color: #ffffff;\">Megan<\/h1>\n[\/mk_fancy_title][mk_fancy_title tag_name=&#8221;h3&#8243; color=&#8221;#e0bf65&#8243; size=&#8221;20&#8243; font_weight=&#8221;300&#8243; margin_bottom=&#8221;0&#8243; font_family=&#8221;none&#8221; align=&#8221;center&#8221; animation=&#8221;fade-in&#8221;]\n<p id=\"fancy-title-5\" class=\"mk-fancy-title simple-style color-single\">Colombia, 27 Years Old, 1,59m Height<\/p>\n[\/mk_fancy_title][vc_empty_space][\/vc_column_inner][vc_column_inner width=&#8221;1\/6&#8243;][\/vc_column_inner][\/vc_row_inner][\/vc_column][\/vc_row][vc_row][vc_column][vc_empty_space height=&#8221;60px&#8221;][vc_column_text css=&#8221;.vc_custom_1767121609811{margin-bottom: 0px !important;}&#8221;]<!-- Final Tiles Grid Gallery for WordPress v3.6.13 free --><style>#ftg-2828 .tile .icon { color:#000000; }#ftg-2828 .ftg-items .loading-bar i { background:#3f888f; }#ftg-2828 .ftg-items .loading-bar { background:#3f888f; }#ftg-2828 .tile .icon { font-size:50px; }#ftg-2828 .tile .icon { margin: -25px 0 0 -25px; }#ftg-2828 .tile .caption-block .text-wrapper span.text { font-size:20px; }#ftg-2828 .tile .caption-outside .text-wrapper span.text { font-size:20px; }#ftg-2828 .tile .caption-block .text-wrapper span.title { font-size:20px; }#ftg-2828 .tile .caption-outside .text-wrapper span.title { font-size:20px; }#ftg-2828 .tile { background-color: #000000; }#ftg-2828 .tile .caption-block .text-wrapper span.text { color: #000000; }#ftg-2828 .tile .caption-block .text-wrapper span.title { color: #000000; }#ftg-2828 .tile .caption-outside .text-wrapper span.text { color: #000000; }#ftg-2828 .tile .caption-outside .text-wrapper span.title { color: #000000; }#ftg-2828 .tile .ftg-social a { color: #ffffff; }#ftg-2828 .tile .caption-block { transition-timing-function:ease; }#ftg-2828 .tile .caption-block { transition-duration:0.25s; }#ftg-2828 .tile .tile-inner:before { background-color: #000000; }#ftg-2828 .tile .tile-inner:before { background-color: rgba(0, 0, 0, 0.1); }#ftg-2828 .tile:hover img {-moz-transform: -moz-rotate(0deg) -moz-scale(0) ;-webkit-transform: -webkit-rotate(0deg) -webkit-scale(0) ;-o-transform: -o-rotate(0deg) -o-scale(0) ;-ms-transform: -ms-rotate(0deg) -ms-scale(0) ;transform: rotate(0deg) scale(0) ;}<\/style><a name=\"28\"><\/a><div class=\"final-tiles-gallery  ftg-hover-enabled caption-inside  caption-none caption-middle caption-center\" id=\"ftg-2828\" style=\"width: 100%\"><div class='ftg-items'><div class='loading-bar'><i><\/i><\/div><div  class='tile ftg-preload  '><a title=\"\" data-lightbox='ftg-2828' rel='ftg-2828'  class=' tile-inner  ftg-lightbox' href='https:\/\/fullspa.pt\/wp-content\/uploads\/2025\/12\/0s8a0948.jpeg' ><img alt='Mulher de longos cabelros castanhos, com um vestido curto floral, sentada num banco de madeira com plantas ao fundo, no spa Full Spa em Lisboa.' class='item skip-lazy' data-class='item' data-ftg-source='https:\/\/fullspa.pt\/wp-content\/uploads\/2025\/12\/0s8a0948.jpeg' src='https:\/\/fullspa.pt\/wp-content\/uploads\/2025\/12\/0s8a0948.jpeg' width='667' height='1000' \/><\/a><div class='ftg-social'><\/div><\/div><div  class='tile ftg-preload  '><a title=\"\" data-lightbox='ftg-2828' rel='ftg-2828'  class=' tile-inner  ftg-lightbox' href='https:\/\/fullspa.pt\/wp-content\/uploads\/2025\/12\/megan1.jpeg' ><img alt='Megan, massagista do Full Spa, posa junto a uma parede de bambu.' class='item skip-lazy' data-class='item' data-ftg-source='https:\/\/fullspa.pt\/wp-content\/uploads\/2025\/12\/megan1.jpeg' src='https:\/\/fullspa.pt\/wp-content\/uploads\/2025\/12\/megan1.jpeg' width='667' height='1000' \/><\/a><div class='ftg-social'><\/div><\/div><div  class='tile ftg-preload  '><a title=\"\" data-lightbox='ftg-2828' rel='ftg-2828'  class=' tile-inner  ftg-lightbox' href='https:\/\/fullspa.pt\/wp-content\/uploads\/2025\/12\/0s8a1023.jpeg' ><img alt='Massagista Andressa, lingerie cinza, junto a uma parede de madeira com plantas.' class='item skip-lazy' data-class='item' data-ftg-source='https:\/\/fullspa.pt\/wp-content\/uploads\/2025\/12\/0s8a1023.jpeg' src='https:\/\/fullspa.pt\/wp-content\/uploads\/2025\/12\/0s8a1023.jpeg' width='667' height='1000' \/><\/a><div class='ftg-social'><\/div><\/div><div  class='tile ftg-preload  '><a title=\"\" data-lightbox='ftg-2828' rel='ftg-2828'  class=' tile-inner  ftg-lightbox' href='https:\/\/fullspa.pt\/wp-content\/uploads\/2025\/12\/0s8a0936.jpeg' ><img alt='Massagista Sara posa relaxada numa cadeira de madeira no spa Full Spa em Lisboa.' class='item skip-lazy' data-class='item' data-ftg-source='https:\/\/fullspa.pt\/wp-content\/uploads\/2025\/12\/0s8a0936.jpeg' src='https:\/\/fullspa.pt\/wp-content\/uploads\/2025\/12\/0s8a0936.jpeg' width='1000' height='714' \/><\/a><div class='ftg-social'><\/div><\/div><div  class='tile ftg-preload  '><a title=\"\" data-lightbox='ftg-2828' rel='ftg-2828'  class=' tile-inner  ftg-lightbox' href='https:\/\/fullspa.pt\/wp-content\/uploads\/2025\/12\/0s8a1009.jpeg' ><img alt='Massagista Lana no spa de massagens sensuais Full Spa em Lisboa.' class='item skip-lazy' data-class='item' data-ftg-source='https:\/\/fullspa.pt\/wp-content\/uploads\/2025\/12\/0s8a1009.jpeg' src='https:\/\/fullspa.pt\/wp-content\/uploads\/2025\/12\/0s8a1009.jpeg' width='1000' height='714' \/><\/a><div class='ftg-social'><\/div><\/div><div  class='tile ftg-preload  '><a title=\"\" data-lightbox='ftg-2828' rel='ftg-2828'  class=' tile-inner  ftg-lightbox' href='https:\/\/fullspa.pt\/wp-content\/uploads\/2025\/12\/0s8a1030.jpeg' ><img alt='Mulher posando junto a um espelho no espa\u00e7o de beleza Full Spa em Lisboa.' class='item skip-lazy' data-class='item' data-ftg-source='https:\/\/fullspa.pt\/wp-content\/uploads\/2025\/12\/0s8a1030.jpeg' src='https:\/\/fullspa.pt\/wp-content\/uploads\/2025\/12\/0s8a1030.jpeg' width='667' height='1000' \/><\/a><div class='ftg-social'><\/div><\/div><div  class='tile ftg-preload  '><a title=\"\" data-lightbox='ftg-2828' rel='ftg-2828'  class=' tile-inner  ftg-lightbox' href='https:\/\/fullspa.pt\/wp-content\/uploads\/2025\/12\/megan2.jpeg' ><img alt='Megan, massagista do Full Spa em Lisboa, posa junto a uma parede de bamboo.' class='item skip-lazy' data-class='item' data-ftg-source='https:\/\/fullspa.pt\/wp-content\/uploads\/2025\/12\/megan2.jpeg' src='https:\/\/fullspa.pt\/wp-content\/uploads\/2025\/12\/megan2.jpeg' width='667' height='1000' \/><\/a><div class='ftg-social'><\/div><\/div><div  class='tile ftg-preload  '><a title=\"\" data-lightbox='ftg-2828' rel='ftg-2828'  class=' tile-inner  ftg-lightbox' href='https:\/\/fullspa.pt\/wp-content\/uploads\/2025\/12\/0s8a0946.jpeg' ><img alt='Massagista Claudia sentada em banco de madeira com plantas ao fundo no spa Full Spa em Lisboa.' class='item skip-lazy' data-class='item' data-ftg-source='https:\/\/fullspa.pt\/wp-content\/uploads\/2025\/12\/0s8a0946.jpeg' src='https:\/\/fullspa.pt\/wp-content\/uploads\/2025\/12\/0s8a0946.jpeg' width='667' height='1000' \/><\/a><div class='ftg-social'><\/div><\/div><\/div><\/div>[\/vc_column_text][vc_empty_space height=&#8221;80px&#8221;][vc_empty_space height=&#8221;80px&#8221;][\/vc_column][\/vc_row][\/vc_section][vc_row fullwidth=&#8221;true&#8221; fullwidth_content=&#8221;false&#8221;][vc_column][vc_empty_space height=&#8221;50px&#8221;][mk_button dimension=&#8221;outline&#8221; corner_style=&#8221;full_rounded&#8221; size=&#8221;large&#8221; letter_spacing=&#8221;4&#8243; icon=&#8221;mk-icon-angle-right&#8221; url=&#8221;\/massagistas&#8221; align=&#8221;center&#8221; button_custom_width=&#8221;553&#8243; margin_bottom=&#8221;0&#8243; margin_right=&#8221;0&#8243; outline_skin=&#8221;custom&#8221; outline_active_color=&#8221;#ffffff&#8221; outline_active_text_color=&#8221;#ffffff&#8221; outline_hover_bg_color=&#8221;#ffffff&#8221; outline_hover_color=&#8221;#000000&#8243;]SEE OTHER THERAPISTS [\/mk_button][vc_empty_space height=&#8221;70px&#8221;][mk_fancy_title color=&#8221;#ffffff&#8221; size=&#8221;26&#8243; font_weight=&#8221;300&#8243; letter_spacing=&#8221;3&#8243; margin_bottom=&#8221;0&#8243; font_family=&#8221;none&#8221; align=&#8221;center&#8221; animation=&#8221;fade-in&#8221;]\n<p style=\"text-align: center; color: #fff;\">\u00a0Reservations and Information:<\/p>\n<p style=\"text-align: center;\"><strong><a href=\"tel:+351214100763\">(+351) 214 100 763*<\/a><\/strong><a href=\"tel:+351214100763\"> <img decoding=\"async\" class=\"wp-image-2979 alignnone size-medium\" src=\"https:\/\/fullspa.pt\/wp-content\/uploads\/2023\/01\/whatsapp_logo_png.png\" alt=\"\" width=\"22\" height=\"22\" \/><\/a><\/p>\n[\/mk_fancy_title][vc_empty_space height=&#8221;45px&#8221;][vc_column_text css=&#8221;.vc_custom_1673534780068{margin-bottom: 0px !important;}&#8221;]\n<p style=\"text-align: center; color: #fff;\">*(Call to national fixed network)<\/p>\n[\/vc_column_text][\/vc_column][vc_column][\/vc_column][\/vc_row][vc_row][vc_column][vc_column_text]\n[\/vc_column_text][\/vc_column][\/vc_row]\n<\/div>","protected":false},"excerpt":{"rendered":"<p>[vc_section full_width=&#8221;stretch_row&#8221; content_placement=&#8221;top&#8221; css=&#8221;.vc_custom_1597097471741{background-position: center !important;background-repeat: no-repeat !important;background-size: cover !important;}&#8221;][vc_row fullwidth=&#8221;true&#8221; css=&#8221;.vc_custom_1557847292590{background-position: center !important;background-repeat: no-repeat !important;background-size: cover !important;}&#8221; id=&#8221;upper_title&#8221;][vc_column][vc_empty_space height=&#8221;50px&#8221;][vc_row_inner css=&#8221;.vc_custom_1597178934591{padding-right: 10% !important;padding-left: 10% !important;}&#8221;][vc_column_inner width=&#8221;1\/6&#8243;][\/vc_column_inner][vc_column_inner el_class=&#8221;box_black&#8221; width=&#8221;2\/3&#8243; css=&#8221;.vc_custom_1597097787959{background-color: rgba(0,0,0,0.57) !important;*background-color: rgb(0,0,0) !important;}&#8221;][mk_fancy_title color=&#8221;#e0bf65&#8243; size=&#8221;40&#8243; line_height=&#8221;100&#8243; font_weight=&#8221;300&#8243; txt_transform=&#8221;uppercase&#8221; letter_spacing=&#8221;0&#8243; margin_top=&#8221;0&#8243; margin_bottom=&#8221;0&#8243; font_family=&#8221;none&#8221; align=&#8221;center&#8221; animation=&#8221;fade-in&#8221;] Megan [\/mk_fancy_title][mk_fancy_title tag_name=&#8221;h3&#8243; color=&#8221;#e0bf65&#8243; size=&#8221;20&#8243; font_weight=&#8221;300&#8243; margin_bottom=&#8221;0&#8243; font_family=&#8221;none&#8221; align=&#8221;center&#8221; animation=&#8221;fade-in&#8221;] Colombia, [&hellip;]<\/p>\n","protected":false},"author":2,"featured_media":0,"parent":0,"menu_order":0,"comment_status":"closed","ping_status":"closed","template":"","meta":{"_acf_changed":false,"rs_blank_template":"","rs_page_bg_color":"","slide_template_v7":"","inline_featured_image":false,"iawp_total_views":4148,"footnotes":""},"class_list":["post-5998","page","type-page","status-publish","hentry"],"acf":[],"yoast_head":"<!-- This site is optimized with the Yoast SEO plugin v27.4 - https:\/\/yoast.com\/product\/yoast-seo-wordpress\/ -->\n<title>Massagista Megan | Full Spa - Massagem Sensual e Erotica<\/title>\n<meta name=\"description\" content=\"Venha experimentar uma massagem erotica, sensual ou t\u00e2ntrica com a Megan e descobrir novas sensa\u00e7\u00f5es no Full SPA em Alges-Miraflores\" \/>\n<meta name=\"robots\" content=\"index, follow, max-snippet:-1, max-image-preview:large, max-video-preview:-1\" \/>\n<link rel=\"canonical\" href=\"https:\/\/fullspa.pt\/megan\/\" \/>\n<meta property=\"og:locale\" content=\"en_US\" \/>\n<meta property=\"og:type\" content=\"article\" \/>\n<meta property=\"og:title\" content=\"Massagista Megan | Full Spa - Massagem Sensual e Erotica\" \/>\n<meta property=\"og:description\" content=\"Venha experimentar uma massagem erotica, sensual ou t\u00e2ntrica com a Megan e descobrir novas sensa\u00e7\u00f5es no Full SPA em Alges-Miraflores\" \/>\n<meta property=\"og:url\" content=\"https:\/\/fullspa.pt\/megan\/\" \/>\n<meta property=\"og:site_name\" content=\"Full Spa - Massage Center\" \/>\n<meta property=\"article:modified_time\" content=\"2026-03-24T19:57:06+00:00\" \/>\n<meta property=\"og:image\" content=\"https:\/\/fullspa.pt\/wp-content\/uploads\/2023\/01\/whatsapp_logo_png.png\" \/>\n<meta name=\"twitter:card\" content=\"summary_large_image\" \/>\n<meta name=\"twitter:label1\" content=\"Est. reading time\" \/>\n\t<meta name=\"twitter:data1\" content=\"1 minute\" \/>\n<script type=\"application\/ld+json\" class=\"yoast-schema-graph\">{\"@context\":\"https:\\\/\\\/schema.org\",\"@graph\":[{\"@type\":\"WebPage\",\"@id\":\"https:\\\/\\\/fullspa.pt\\\/megan\\\/\",\"url\":\"https:\\\/\\\/fullspa.pt\\\/megan\\\/\",\"name\":\"Massagista Megan | Full Spa - Massagem Sensual e Erotica\",\"isPartOf\":{\"@id\":\"https:\\\/\\\/fullspa.pt\\\/#website\"},\"primaryImageOfPage\":{\"@id\":\"https:\\\/\\\/fullspa.pt\\\/megan\\\/#primaryimage\"},\"image\":{\"@id\":\"https:\\\/\\\/fullspa.pt\\\/megan\\\/#primaryimage\"},\"thumbnailUrl\":\"https:\\\/\\\/fullspa.pt\\\/wp-content\\\/uploads\\\/2023\\\/01\\\/whatsapp_logo_png.png\",\"datePublished\":\"2025-12-30T19:02:57+00:00\",\"dateModified\":\"2026-03-24T19:57:06+00:00\",\"description\":\"Venha experimentar uma massagem erotica, sensual ou t\u00e2ntrica com a Megan e descobrir novas sensa\u00e7\u00f5es no Full SPA em Alges-Miraflores\",\"breadcrumb\":{\"@id\":\"https:\\\/\\\/fullspa.pt\\\/megan\\\/#breadcrumb\"},\"inLanguage\":\"en-US\",\"potentialAction\":[{\"@type\":\"ReadAction\",\"target\":[\"https:\\\/\\\/fullspa.pt\\\/megan\\\/\"]}]},{\"@type\":\"ImageObject\",\"inLanguage\":\"en-US\",\"@id\":\"https:\\\/\\\/fullspa.pt\\\/megan\\\/#primaryimage\",\"url\":\"https:\\\/\\\/fullspa.pt\\\/wp-content\\\/uploads\\\/2023\\\/01\\\/whatsapp_logo_png.png\",\"contentUrl\":\"https:\\\/\\\/fullspa.pt\\\/wp-content\\\/uploads\\\/2023\\\/01\\\/whatsapp_logo_png.png\"},{\"@type\":\"BreadcrumbList\",\"@id\":\"https:\\\/\\\/fullspa.pt\\\/megan\\\/#breadcrumb\",\"itemListElement\":[{\"@type\":\"ListItem\",\"position\":1,\"name\":\"Home\",\"item\":\"https:\\\/\\\/fullspa.pt\\\/\"},{\"@type\":\"ListItem\",\"position\":2,\"name\":\"Therapist Megan\"}]},{\"@type\":\"WebSite\",\"@id\":\"https:\\\/\\\/fullspa.pt\\\/#website\",\"url\":\"https:\\\/\\\/fullspa.pt\\\/\",\"name\":\"Full Spa - Massage Center\",\"description\":\"Massage Center for Men, Women and Couples\",\"potentialAction\":[{\"@type\":\"SearchAction\",\"target\":{\"@type\":\"EntryPoint\",\"urlTemplate\":\"https:\\\/\\\/fullspa.pt\\\/?s={search_term_string}\"},\"query-input\":{\"@type\":\"PropertyValueSpecification\",\"valueRequired\":true,\"valueName\":\"search_term_string\"}}],\"inLanguage\":\"en-US\"}]}<\/script>\n<!-- \/ Yoast SEO plugin. -->","yoast_head_json":{"title":"Massagista Megan | Full Spa - Massagem Sensual e Erotica","description":"Venha experimentar uma massagem erotica, sensual ou t\u00e2ntrica com a Megan e descobrir novas sensa\u00e7\u00f5es no Full SPA em Alges-Miraflores","robots":{"index":"index","follow":"follow","max-snippet":"max-snippet:-1","max-image-preview":"max-image-preview:large","max-video-preview":"max-video-preview:-1"},"canonical":"https:\/\/fullspa.pt\/megan\/","og_locale":"en_US","og_type":"article","og_title":"Massagista Megan | Full Spa - Massagem Sensual e Erotica","og_description":"Venha experimentar uma massagem erotica, sensual ou t\u00e2ntrica com a Megan e descobrir novas sensa\u00e7\u00f5es no Full SPA em Alges-Miraflores","og_url":"https:\/\/fullspa.pt\/megan\/","og_site_name":"Full Spa - Massage Center","article_modified_time":"2026-03-24T19:57:06+00:00","og_image":[{"url":"https:\/\/fullspa.pt\/wp-content\/uploads\/2023\/01\/whatsapp_logo_png.png","type":"","width":"","height":""}],"twitter_card":"summary_large_image","twitter_misc":{"Est. reading time":"1 minute"},"schema":{"@context":"https:\/\/schema.org","@graph":[{"@type":"WebPage","@id":"https:\/\/fullspa.pt\/megan\/","url":"https:\/\/fullspa.pt\/megan\/","name":"Massagista Megan | Full Spa - Massagem Sensual e Erotica","isPartOf":{"@id":"https:\/\/fullspa.pt\/#website"},"primaryImageOfPage":{"@id":"https:\/\/fullspa.pt\/megan\/#primaryimage"},"image":{"@id":"https:\/\/fullspa.pt\/megan\/#primaryimage"},"thumbnailUrl":"https:\/\/fullspa.pt\/wp-content\/uploads\/2023\/01\/whatsapp_logo_png.png","datePublished":"2025-12-30T19:02:57+00:00","dateModified":"2026-03-24T19:57:06+00:00","description":"Venha experimentar uma massagem erotica, sensual ou t\u00e2ntrica com a Megan e descobrir novas sensa\u00e7\u00f5es no Full SPA em Alges-Miraflores","breadcrumb":{"@id":"https:\/\/fullspa.pt\/megan\/#breadcrumb"},"inLanguage":"en-US","potentialAction":[{"@type":"ReadAction","target":["https:\/\/fullspa.pt\/megan\/"]}]},{"@type":"ImageObject","inLanguage":"en-US","@id":"https:\/\/fullspa.pt\/megan\/#primaryimage","url":"https:\/\/fullspa.pt\/wp-content\/uploads\/2023\/01\/whatsapp_logo_png.png","contentUrl":"https:\/\/fullspa.pt\/wp-content\/uploads\/2023\/01\/whatsapp_logo_png.png"},{"@type":"BreadcrumbList","@id":"https:\/\/fullspa.pt\/megan\/#breadcrumb","itemListElement":[{"@type":"ListItem","position":1,"name":"Home","item":"https:\/\/fullspa.pt\/"},{"@type":"ListItem","position":2,"name":"Therapist Megan"}]},{"@type":"WebSite","@id":"https:\/\/fullspa.pt\/#website","url":"https:\/\/fullspa.pt\/","name":"Full Spa - Massage Center","description":"Massage Center for Men, Women and Couples","potentialAction":[{"@type":"SearchAction","target":{"@type":"EntryPoint","urlTemplate":"https:\/\/fullspa.pt\/?s={search_term_string}"},"query-input":{"@type":"PropertyValueSpecification","valueRequired":true,"valueName":"search_term_string"}}],"inLanguage":"en-US"}]}},"_links":{"self":[{"href":"https:\/\/fullspa.pt\/en\/wp-json\/wp\/v2\/pages\/5998","targetHints":{"allow":["GET"]}}],"collection":[{"href":"https:\/\/fullspa.pt\/en\/wp-json\/wp\/v2\/pages"}],"about":[{"href":"https:\/\/fullspa.pt\/en\/wp-json\/wp\/v2\/types\/page"}],"author":[{"embeddable":true,"href":"https:\/\/fullspa.pt\/en\/wp-json\/wp\/v2\/users\/2"}],"replies":[{"embeddable":true,"href":"https:\/\/fullspa.pt\/en\/wp-json\/wp\/v2\/comments?post=5998"}],"version-history":[{"count":5,"href":"https:\/\/fullspa.pt\/en\/wp-json\/wp\/v2\/pages\/5998\/revisions"}],"predecessor-version":[{"id":6153,"href":"https:\/\/fullspa.pt\/en\/wp-json\/wp\/v2\/pages\/5998\/revisions\/6153"}],"wp:attachment":[{"href":"https:\/\/fullspa.pt\/en\/wp-json\/wp\/v2\/media?parent=5998"}],"curies":[{"name":"wp","href":"https:\/\/api.w.org\/{rel}","templated":true}]}}